{"id":8131,"date":"2022-02-10T09:54:18","date_gmt":"2022-02-10T08:54:18","guid":{"rendered":"https:\/\/www.emz.de\/imprint\/"},"modified":"2025-01-30T14:09:48","modified_gmt":"2025-01-30T13:09:48","slug":"imprint","status":"publish","type":"page","link":"https:\/\/www.emz.de\/en\/imprint\/","title":{"rendered":"Imprint"},"content":{"rendered":"<section class=\"l-section wpb_row us_custom_6c38848e height_medium\"><div class=\"l-section-h i-cf\"><div class=\"g-cols vc_row via_grid cols_1 laptops-cols_inherit tablets-cols_inherit mobiles-cols_1 valign_top type_default stacking_default\"><div class=\"wpb_column vc_column_container\"><div class=\"vc_column-inner\">[vc_custom_heading text=&#8221;TDG \u00a7 6&#8243; font_container=&#8221;tag:p|text_align:left&#8221; use_theme_fonts=&#8221;yes&#8221; css=&#8221;%7B%22default%22%3A%7B%22color%22%3A%22_header_middle_text%22%2C%22font-size%22%3A%2240px%22%2C%22font-family%22%3A%22h2%22%2C%22font-weight%22%3A%22700%22%2C%22text-transform%22%3A%22uppercase%22%7D%7D&#8221;][vc_custom_heading source=&#8221;post_title&#8221; font_container=&#8221;tag:h1|text_align:left&#8221; use_theme_fonts=&#8221;yes&#8221; css=&#8221;%7B%22default%22%3A%7B%22margin-top%22%3A%220px%22%2C%22margin-bottom%22%3A%220px%22%2C%22padding-top%22%3A%220px%22%7D%7D&#8221;]<\/div><\/div><\/div><\/div><\/section><section class=\"l-section wpb_row us_custom_eac59c77 height_auto\"><div class=\"l-section-h i-cf\"><div class=\"g-cols vc_row via_grid cols_1 laptops-cols_inherit tablets-cols_inherit mobiles-cols_1 valign_top type_default stacking_default\"><div class=\"wpb_column vc_column_container\"><div class=\"vc_column-inner\"><div class=\"wpb_text_column us_custom_bf2881af\"><div class=\"wpb_wrapper\"><h2>Responsible for the website<\/h2>\n<p><strong>EMZ Elektromaschinenzentrale GmbH<\/strong><br \/>Richardstra\u00dfe 70<br \/>45661 Recklinghausen<\/p>\n<p><strong>P:<\/strong> +49 23 61 \u2013 69 09 \u2013 0<br \/><strong>F:<\/strong> +49 23 61 \u2013 69 09 \u2013 99<br \/><strong>M:<\/strong><a href=\"mailto:info@emz.de\"> info@emz.de<\/a><\/p>\n<p>Commercial register: Recklinghausen, HRB 1210,<br \/>VAT ID No.: DE126339886<\/p>\n<p>Managing Director:<br \/>Deniz Beese, MBA<br \/>Kevin Christopher Wagner, M.Sc.<\/p>\n<h4>Area of responsibility:<\/h4>\n<p>The legal notice only applies to the websites accessible at the web address www.emz.de and all web addresses routed to www.emz.de as well as all subdomains of www.emz.de.<\/p>\n<h4>Postal address:<\/h4>\n<p><strong>EMZ Elektromaschinenzentrale GmbH<\/strong><br \/>Richardstra\u00dfe 70<br \/>45661 Recklinghausen<\/p>\n<p><strong>P:<\/strong> +49 23 61 \u2013 69 09 \u2013 0<br \/><strong>F:<\/strong> +49 23 61 \u2013 69 09 \u2013 99<br \/><strong>M:<\/strong><a href=\"mailto:info@emz.de\"> info@emz.de<\/a><\/p>\n<p>In accordance with \u00a7 28 BDSG, we object to any commercial use and disclosure of the data published here on www.emz.de.<\/p>\n<h4><strong>Concept, design &amp; implementation:<\/strong><\/h4>\n<p><strong>LA MECHKY PLUS GmbH<\/strong><br \/>Agency for Design &amp; Communication<br \/>K\u00f6lnstra\u00dfe 24, 52428 J\u00fclich<\/p>\n<p>Phone: 0 24 61 &#8211; 916 33 99<br \/>Fax: 0 24 61 &#8211; 916 33 98<br \/>Mail: <a href=\"mailto:info@lamechky.de\">info@lamechky.de<\/a><br \/>Web: <a href=\"http:\/\/www.lamechky.de\">www.lamechky.de<\/a><\/p>\n<p><strong>Delimitation:<\/strong><br \/>This website is part of the WWW and is therefore linked to external websites which may change at any time and which are therefore not subject to this area of responsibility and to which the following information does not apply.<br \/>The fact that the links published here do not violate common decency or the law was checked exactly once before they were included on this site.<br \/>You can recognize links that lead to external web projects by the fact that the external websites open in a new browser window when you click on them.<\/p>\n<p><strong>Liability for content:<\/strong><br \/>The contents of our pages were created with the greatest care. However, we cannot accept any liability for the accuracy, completeness and up-to-dateness of the content. As a service provider, we are liable pursuant to \u00a7 7 para.1 TMG is responsible for its own content on these pages according to the general laws. According to \u00a7\u00a7 8 to 10 TMG, however, we as a service provider are not obliged to monitor transmitted or stored third-party information or to investigate circumstances that indicate illegal activity. Obligations to remove or block the use of information in accordance with the general laws remain unaffected by this. However, liability in this respect is only possible from the time of knowledge of a specific infringement. As soon as we become aware of such infringements, we will remove this content immediately.<\/p>\n<p><strong>Liability for links:<\/strong><br \/>Our website contains links to external websites of third parties over whose content we have no influence. Therefore, we cannot accept any liability for this third-party content. The respective provider or operator of the pages is always responsible for the content of the linked pages. The linked pages were checked for possible legal violations at the time of linking. Illegal contents were not recognizable at the time of linking. However, permanent monitoring of the content of the linked pages is not reasonable without concrete evidence of an infringement. If we become aware of any legal infringements, we will remove such links immediately.<\/p>\n<p><strong>Copyright:<\/strong><br \/>The content and works created by the site operators on these pages are subject to German copyright law. Duplication, processing, distribution and any form of commercialization of such material beyond the scope of the copyright law shall require the prior written consent of its respective author or creator. Downloads and copies of this site are only permitted for private, non-commercial use. Insofar as the content on this site was not created by the operator, the copyrights of third parties are respected. In particular, third-party content is identified as such. Should you nevertheless become aware of a copyright infringement, please inform us accordingly. If we become aware of any legal infringements, we will remove such content immediately.<\/p>\n<p><strong>Source reference:<\/strong><br \/>Disclaimer of eRecht24, the portal to Internet law by lawyer S\u00f6ren Siebert, Facebook Disclaimer of eRecht24, Google Analytics Privacy Policy, Privacy Policy for Google Adsense, Google +1 Terms, Privacy Policy Twitter<\/p>\n<p><strong>Disclaimer of liability:<\/strong><br \/>The contents of this Internet project at www.emz.de have been carefully checked and compiled to the best of our knowledge. However, no claim is made as to the completeness, topicality, quality and accuracy of the information presented here. No responsibility can be accepted for damage caused by reliance on the content of this website or its use.<\/p>\n<p><strong>Infringement of property rights:<\/strong><br \/>If you suspect that one of your intellectual property rights has been infringed by this website, we would of course like to remedy the situation quickly and ask you to notify <a href=\"mailto:info@emz.de\"> us<\/a> immediately by e-mail to info@emz.de.<\/p>\n<\/div><\/div><div class=\"g-cols wpb_row via_grid cols_1 laptops-cols_inherit tablets-cols_inherit mobiles-cols_1 valign_top type_default stacking_default\" style=\"--columns-gap:3rem;\"><div class=\"wpb_column vc_column_container\"><div class=\"vc_column-inner\"><div class=\"w-separator size_medium with_line width_default thick_3 style_solid color_secondary align_center\"><div class=\"w-separator-h\"><\/div><\/div><\/div><\/div><\/div><\/div><\/div><\/div><\/div><\/section><section class=\"l-section wpb_row us_custom_eac59c77 height_medium\"><div class=\"l-section-h i-cf\"><div class=\"g-cols vc_row via_grid cols_2-1 laptops-cols_inherit tablets-cols_inherit mobiles-cols_1 valign_middle type_default stacking_default\" style=\"--columns-gap:2rem;\"><div class=\"wpb_column vc_column_container\"><div class=\"vc_column-inner\"><div class=\"g-cols wpb_row us_custom_50cc7d67 via_grid cols_1-4 laptops-cols_inherit tablets-cols_inherit mobiles-cols_1 valign_middle type_default stacking_default\" style=\"--columns-gap:0rem;\"><div class=\"wpb_column vc_column_container\"><div class=\"vc_column-inner\"><div class=\"w-iconbox iconpos_left style_default color_secondary align_center no_text no_title\"><div class=\"w-iconbox-icon\" style=\"font-size:100px;\"><i class=\"fal fa-globe\"><\/i><\/div><div class=\"w-iconbox-meta\"><\/div><\/div><\/div><\/div><div class=\"wpb_column vc_column_container\"><div class=\"vc_column-inner\">[vc_custom_heading text=&#8221;FOR YOU ON SITE&#8221; font_container=&#8221;tag:p|text_align:left&#8221; css=&#8221;%7B%22default%22%3A%7B%22color%22%3A%22_header_middle_text%22%2C%22font-family%22%3A%22h2%22%2C%22font-weight%22%3A%22700%22%2C%22text-transform%22%3A%22uppercase%22%2C%22font-size%22%3A%2235px%22%2C%22margin-bottom%22%3A%220px%22%2C%22padding-bottom%22%3A%220px%22%7D%7D&#8221;][vc_custom_heading text=&#8221;Worldwide service&#8221; font_container=&#8221;tag:p|text_align:left&#8221; use_theme_fonts=&#8221;yes&#8221; css=&#8221;%7B%22default%22%3A%7B%22color%22%3A%22_header_middle_text_hover%22%2C%22font-size%22%3A%2265px%22%2C%22font-family%22%3A%22h1%22%2C%22font-weight%22%3A%22200%22%2C%22padding-top%22%3A%220px%22%7D%2C%22laptops%22%3A%7B%22color%22%3A%22_header_middle_text_hover%22%2C%22font-size%22%3A%2265px%22%2C%22font-family%22%3A%22h1%22%2C%22font-weight%22%3A%22200%22%7D%2C%22tablets%22%3A%7B%22color%22%3A%22_header_middle_text_hover%22%2C%22font-size%22%3A%2245px%22%2C%22font-family%22%3A%22h1%22%2C%22font-weight%22%3A%22200%22%7D%2C%22mobiles%22%3A%7B%22color%22%3A%22_header_middle_text_hover%22%2C%22font-size%22%3A%2245px%22%2C%22font-family%22%3A%22h1%22%2C%22font-weight%22%3A%22200%22%7D%7D&#8221;]<\/div><\/div><\/div><div class=\"wpb_text_column\"><div class=\"wpb_wrapper\"><p>Since 1952, <strong><span class=\"searchHighlight\">EMZ<\/span><\/strong> has been a reliable and competent <strong>partner<\/strong> in drive technology for our customers worldwide. And our <strong>Service<\/strong> is no exception. Via our specially set up <span class=\"searchHighlight\">EMZ<\/span> emergency number, our <strong>qualified<\/strong> team offers you <strong>around-the-clock<\/strong> fast and direct support in all service issues.<\/p>\n<\/div><\/div><\/div><\/div><div class=\"wpb_column vc_column_container\"><div class=\"vc_column-overlay\" style=\"background:var(--color-header-middle-bg)\"><\/div><div class=\"vc_column-inner\">[vc_custom_heading text=&#8221;Our services at a glance&#8221; font_container=&#8221;tag:p|text_align:center&#8221; css=&#8221;%7B%22default%22%3A%7B%22color%22%3A%22_header_middle_text%22%2C%22font-size%22%3A%2222px%22%2C%22font-family%22%3A%22h5%22%2C%22font-weight%22%3A%22700%22%2C%22margin-bottom%22%3A%220px%22%2C%22padding-bottom%22%3A%220px%22%7D%7D&#8221;]<div class=\"w-btn-wrapper align_center\"><a class=\"w-btn us-btn-style_1 us_custom_d2199d32\" href=\"#\"><span class=\"w-btn-label\">Serviceportfolio<\/span><\/a><\/div><\/div><\/div><\/div><\/div><\/section>\n","protected":false},"excerpt":{"rendered":"[vc_custom_heading text=\"TDG \u00a7 6\" font_container=\"tag:p|text_align:left\" use_theme_fonts=\"yes\" css=\"%7B%22default%22%3A%7B%22color%22%3A%22_header_middle_text%22%2C%22font-size%22%3A%2240px%22%2C%22font-family%22%3A%22h2%22%2C%22font-weight%22%3A%22700%22%2C%22text-transform%22%3A%22uppercase%22%7D%7D\"][vc_custom_heading source=\"post_title\" font_container=\"tag:h1|text_align:left\" use_theme_fonts=\"yes\" css=\"%7B%22default%22%3A%7B%22margin-top%22%3A%220px%22%2C%22margin-bottom%22%3A%220px%22%2C%22padding-top%22%3A%220px%22%7D%7D\"]Responsible for the website EMZ Elektromaschinenzentrale GmbHRichardstra\u00dfe 7045661 Recklinghausen P: +49 23 61 \u2013 69 09 \u2013 0F: +49 23 61 \u2013 69 09 \u2013 99M: info@emz.de Commercial register: Recklinghausen, HRB 1210,VAT ID No.: DE126339886 Managing Director:Deniz Beese, MBAKevin Christopher Wagner, M.Sc. Area of responsibility:...","protected":false},"author":1,"featured_media":0,"parent":0,"menu_order":0,"comment_status":"closed","ping_status":"closed","template":"","meta":{"footnotes":""},"class_list":["post-8131","page","type-page","status-publish","hentry"],"yoast_head":"<!-- This site is optimized with the Yoast SEO plugin v27.4 - https:\/\/yoast.com\/product\/yoast-seo-wordpress\/ -->\n<title>Imprint | EMZ<\/title>\n<meta name=\"robots\" content=\"index, follow, max-snippet:-1, max-image-preview:large, max-video-preview:-1\" \/>\n<link rel=\"canonical\" href=\"https:\/\/www.emz.de\/en\/imprint\/\" \/>\n<meta property=\"og:locale\" content=\"en_US\" \/>\n<meta property=\"og:type\" content=\"article\" \/>\n<meta property=\"og:title\" content=\"Imprint | EMZ\" \/>\n<meta property=\"og:url\" content=\"https:\/\/www.emz.de\/en\/imprint\/\" \/>\n<meta property=\"og:site_name\" content=\"EMZ\" \/>\n<meta property=\"article:publisher\" content=\"https:\/\/www.facebook.com\/EMZdeutschland\" \/>\n<meta property=\"article:modified_time\" content=\"2025-01-30T13:09:48+00:00\" \/>\n<meta property=\"og:image\" content=\"https:\/\/www.emz.de\/wp-content\/uploads\/2022\/11\/EMZ-elektro-Maschinen-Zentrale-social.jpg\" \/>\n\t<meta property=\"og:image:width\" content=\"1200\" \/>\n\t<meta property=\"og:image:height\" content=\"630\" \/>\n\t<meta property=\"og:image:type\" content=\"image\/jpeg\" \/>\n<meta name=\"twitter:card\" content=\"summary_large_image\" \/>\n<script type=\"application\/ld+json\" class=\"yoast-schema-graph\">{\"@context\":\"https:\\\/\\\/schema.org\",\"@graph\":[{\"@type\":\"WebPage\",\"@id\":\"https:\\\/\\\/www.emz.de\\\/en\\\/imprint\\\/\",\"url\":\"https:\\\/\\\/www.emz.de\\\/en\\\/imprint\\\/\",\"name\":\"Imprint | EMZ\",\"isPartOf\":{\"@id\":\"https:\\\/\\\/www.emz.de\\\/en\\\/#website\"},\"datePublished\":\"2022-02-10T08:54:18+00:00\",\"dateModified\":\"2025-01-30T13:09:48+00:00\",\"breadcrumb\":{\"@id\":\"https:\\\/\\\/www.emz.de\\\/en\\\/imprint\\\/#breadcrumb\"},\"inLanguage\":\"en-US\",\"potentialAction\":[{\"@type\":\"ReadAction\",\"target\":[\"https:\\\/\\\/www.emz.de\\\/en\\\/imprint\\\/\"]}]},{\"@type\":\"BreadcrumbList\",\"@id\":\"https:\\\/\\\/www.emz.de\\\/en\\\/imprint\\\/#breadcrumb\",\"itemListElement\":[{\"@type\":\"ListItem\",\"position\":1,\"name\":\"Home\",\"item\":\"https:\\\/\\\/www.emz.de\\\/en\\\/\"},{\"@type\":\"ListItem\",\"position\":2,\"name\":\"Imprint\"}]},{\"@type\":\"WebSite\",\"@id\":\"https:\\\/\\\/www.emz.de\\\/en\\\/#website\",\"url\":\"https:\\\/\\\/www.emz.de\\\/en\\\/\",\"name\":\"EMZ Elektromotoren f\u00fcr Hochspannung und Niederspannung\",\"description\":\"Spezialist f\u00fcr elektrische Antriebstechnik\",\"publisher\":{\"@id\":\"https:\\\/\\\/www.emz.de\\\/en\\\/#organization\"},\"alternateName\":\"EMZ\",\"potentialAction\":[{\"@type\":\"SearchAction\",\"target\":{\"@type\":\"EntryPoint\",\"urlTemplate\":\"https:\\\/\\\/www.emz.de\\\/en\\\/?s={search_term_string}\"},\"query-input\":{\"@type\":\"PropertyValueSpecification\",\"valueRequired\":true,\"valueName\":\"search_term_string\"}}],\"inLanguage\":\"en-US\"},{\"@type\":\"Organization\",\"@id\":\"https:\\\/\\\/www.emz.de\\\/en\\\/#organization\",\"name\":\"EMZ Elektro-Maschinen-Zentrale GmbH\",\"alternateName\":\"EMZ\",\"url\":\"https:\\\/\\\/www.emz.de\\\/en\\\/\",\"logo\":{\"@type\":\"ImageObject\",\"inLanguage\":\"en-US\",\"@id\":\"https:\\\/\\\/www.emz.de\\\/en\\\/#\\\/schema\\\/logo\\\/image\\\/\",\"url\":\"https:\\\/\\\/www.emz.de\\\/wp-content\\\/uploads\\\/2022\\\/07\\\/EMZ_Logo_RGB_mitClaim_Positiv_2-farbig_Hellblau-Dunkelblau.svg\",\"contentUrl\":\"https:\\\/\\\/www.emz.de\\\/wp-content\\\/uploads\\\/2022\\\/07\\\/EMZ_Logo_RGB_mitClaim_Positiv_2-farbig_Hellblau-Dunkelblau.svg\",\"width\":\"1024\",\"height\":\"1024\",\"caption\":\"EMZ Elektro-Maschinen-Zentrale GmbH\"},\"image\":{\"@id\":\"https:\\\/\\\/www.emz.de\\\/en\\\/#\\\/schema\\\/logo\\\/image\\\/\"},\"sameAs\":[\"https:\\\/\\\/www.facebook.com\\\/EMZdeutschland\",\"https:\\\/\\\/www.linkedin.com\\\/company\\\/emz-elektro-maschinen-zentrale-gmbh\\\/?originalSubdomain=de\",\"https:\\\/\\\/www.youtube.com\\\/channel\\\/UCajQ_5Xm-hS2H16Liwf5UAQ\\\/featured\",\"https:\\\/\\\/www.xing.com\\\/pages\\\/emz-elektro-maschinen-zentrale-gmbh\"]}]}<\/script>\n<!-- \/ Yoast SEO plugin. -->","yoast_head_json":{"title":"Imprint | EMZ","robots":{"index":"index","follow":"follow","max-snippet":"max-snippet:-1","max-image-preview":"max-image-preview:large","max-video-preview":"max-video-preview:-1"},"canonical":"https:\/\/www.emz.de\/en\/imprint\/","og_locale":"en_US","og_type":"article","og_title":"Imprint | EMZ","og_url":"https:\/\/www.emz.de\/en\/imprint\/","og_site_name":"EMZ","article_publisher":"https:\/\/www.facebook.com\/EMZdeutschland","article_modified_time":"2025-01-30T13:09:48+00:00","og_image":[{"width":1200,"height":630,"url":"https:\/\/www.emz.de\/wp-content\/uploads\/2022\/11\/EMZ-elektro-Maschinen-Zentrale-social.jpg","type":"image\/jpeg"}],"twitter_card":"summary_large_image","schema":{"@context":"https:\/\/schema.org","@graph":[{"@type":"WebPage","@id":"https:\/\/www.emz.de\/en\/imprint\/","url":"https:\/\/www.emz.de\/en\/imprint\/","name":"Imprint | EMZ","isPartOf":{"@id":"https:\/\/www.emz.de\/en\/#website"},"datePublished":"2022-02-10T08:54:18+00:00","dateModified":"2025-01-30T13:09:48+00:00","breadcrumb":{"@id":"https:\/\/www.emz.de\/en\/imprint\/#breadcrumb"},"inLanguage":"en-US","potentialAction":[{"@type":"ReadAction","target":["https:\/\/www.emz.de\/en\/imprint\/"]}]},{"@type":"BreadcrumbList","@id":"https:\/\/www.emz.de\/en\/imprint\/#breadcrumb","itemListElement":[{"@type":"ListItem","position":1,"name":"Home","item":"https:\/\/www.emz.de\/en\/"},{"@type":"ListItem","position":2,"name":"Imprint"}]},{"@type":"WebSite","@id":"https:\/\/www.emz.de\/en\/#website","url":"https:\/\/www.emz.de\/en\/","name":"EMZ Elektromotoren f\u00fcr Hochspannung und Niederspannung","description":"Spezialist f\u00fcr elektrische Antriebstechnik","publisher":{"@id":"https:\/\/www.emz.de\/en\/#organization"},"alternateName":"EMZ","potentialAction":[{"@type":"SearchAction","target":{"@type":"EntryPoint","urlTemplate":"https:\/\/www.emz.de\/en\/?s={search_term_string}"},"query-input":{"@type":"PropertyValueSpecification","valueRequired":true,"valueName":"search_term_string"}}],"inLanguage":"en-US"},{"@type":"Organization","@id":"https:\/\/www.emz.de\/en\/#organization","name":"EMZ Elektro-Maschinen-Zentrale GmbH","alternateName":"EMZ","url":"https:\/\/www.emz.de\/en\/","logo":{"@type":"ImageObject","inLanguage":"en-US","@id":"https:\/\/www.emz.de\/en\/#\/schema\/logo\/image\/","url":"https:\/\/www.emz.de\/wp-content\/uploads\/2022\/07\/EMZ_Logo_RGB_mitClaim_Positiv_2-farbig_Hellblau-Dunkelblau.svg","contentUrl":"https:\/\/www.emz.de\/wp-content\/uploads\/2022\/07\/EMZ_Logo_RGB_mitClaim_Positiv_2-farbig_Hellblau-Dunkelblau.svg","width":"1024","height":"1024","caption":"EMZ Elektro-Maschinen-Zentrale GmbH"},"image":{"@id":"https:\/\/www.emz.de\/en\/#\/schema\/logo\/image\/"},"sameAs":["https:\/\/www.facebook.com\/EMZdeutschland","https:\/\/www.linkedin.com\/company\/emz-elektro-maschinen-zentrale-gmbh\/?originalSubdomain=de","https:\/\/www.youtube.com\/channel\/UCajQ_5Xm-hS2H16Liwf5UAQ\/featured","https:\/\/www.xing.com\/pages\/emz-elektro-maschinen-zentrale-gmbh"]}]}},"_links":{"self":[{"href":"https:\/\/www.emz.de\/en\/wp-json\/wp\/v2\/pages\/8131","targetHints":{"allow":["GET"]}}],"collection":[{"href":"https:\/\/www.emz.de\/en\/wp-json\/wp\/v2\/pages"}],"about":[{"href":"https:\/\/www.emz.de\/en\/wp-json\/wp\/v2\/types\/page"}],"author":[{"embeddable":true,"href":"https:\/\/www.emz.de\/en\/wp-json\/wp\/v2\/users\/1"}],"replies":[{"embeddable":true,"href":"https:\/\/www.emz.de\/en\/wp-json\/wp\/v2\/comments?post=8131"}],"version-history":[{"count":6,"href":"https:\/\/www.emz.de\/en\/wp-json\/wp\/v2\/pages\/8131\/revisions"}],"predecessor-version":[{"id":9215,"href":"https:\/\/www.emz.de\/en\/wp-json\/wp\/v2\/pages\/8131\/revisions\/9215"}],"wp:attachment":[{"href":"https:\/\/www.emz.de\/en\/wp-json\/wp\/v2\/media?parent=8131"}],"curies":[{"name":"wp","href":"https:\/\/api.w.org\/{rel}","templated":true}]}}