{"id":4817,"date":"2022-04-28T09:27:12","date_gmt":"2022-04-28T07:27:12","guid":{"rendered":"https:\/\/staging.emz.de\/produits\/nos-partenaires\/"},"modified":"2025-07-01T11:04:58","modified_gmt":"2025-07-01T09:04:58","slug":"nos-partenaires","status":"publish","type":"page","link":"https:\/\/www.emz.de\/fr\/produits\/nos-partenaires\/","title":{"rendered":"Nos partenaires"},"content":{"rendered":"<section class=\"l-section wpb_row us_custom_c1e8dcb4 height_medium with_img parallax_ver\"><div class=\"l-section-img\" role=\"img\" aria-label=\"Image\" data-img-width=\"1200\" data-img-height=\"800\" style=\"background-image: url(https:\/\/www.emz.de\/wp-content\/uploads\/2022\/07\/emz-recklinghausen-elektromotoren-partner-handel.jpg);background-repeat: no-repeat;\"><\/div><div class=\"l-section-h i-cf\"><div class=\"g-cols vc_row via_grid cols_1 laptops-cols_inherit tablets-cols_inherit mobiles-cols_1 valign_middle type_default stacking_default\"><div class=\"wpb_column vc_column_container\"><div class=\"vc_column-inner\"><div class=\"w-separator size_huge\"><\/div>[vc_custom_heading text=\u00a0\u00bbDISPONIBLE EN STOCK JUSQU&rsquo;\u00c0 1\u2060000 KW\u00a0\u00bb font_container=\u00a0\u00bbtag:p|text_align:left\u00a0\u00bb use_theme_fonts=\u00a0\u00bbyes\u00a0\u00bb css=\u00a0\u00bb%7B%22default%22%3A%7B%22color%22%3A%22_header_middle_bg%22%2C%22font-family%22%3A%22h2%22%2C%22font-weight%22%3A%22700%22%2C%22text-transform%22%3A%22uppercase%22%2C%22font-size%22%3A%2235px%22%7D%7D\u00a0\u00bb][vc_custom_heading source=\u00a0\u00bbpost_title\u00a0\u00bb font_container=\u00a0\u00bbtag:h1|text_align:left\u00a0\u00bb use_theme_fonts=\u00a0\u00bbyes\u00a0\u00bb css=\u00a0\u00bb%7B%22default%22%3A%7B%22color%22%3A%22_header_middle_bg%22%2C%22margin-top%22%3A%220px%22%2C%22padding-top%22%3A%220px%22%7D%7D\u00a0\u00bb]<\/div><\/div><\/div><\/div><\/section><section class=\"l-section wpb_row height_medium\"><div class=\"l-section-h i-cf\"><div class=\"g-cols vc_row via_grid cols_1 laptops-cols_inherit tablets-cols_inherit mobiles-cols_1 valign_top type_default stacking_default\"><div class=\"wpb_column vc_column_container\"><div class=\"vc_column-inner\">[vc_custom_heading text=\u00a0\u00bbNos partenaires\u00a0\u00bb use_theme_fonts=\u00a0\u00bbyes\u00a0\u00bb css=\u00a0\u00bb%7B%22default%22%3A%7B%22color%22%3A%22_header_middle_text_hover%22%2C%22font-family%22%3A%22h1%22%2C%22font-weight%22%3A%22200%22%2C%22text-transform%22%3A%22capitalize%22%2C%22font-size%22%3A%2265px%22%7D%7D\u00a0\u00bb]<div class=\"wpb_text_column us_custom_8b3d6790 has_text_color\"><div class=\"wpb_wrapper\"><p>Notre \u00e9quipe commerciale comp\u00e9tente est aussi l\u00e0 pour vous prodiguer des conseils produits compl\u00e9mentaires, toutes marques confondues. Gr\u00e2ce \u00e0 notre volume d&rsquo;achat important, nous pouvons \u00e9galement vous faire b\u00e9n\u00e9ficier de tarifs attractifs pour d&rsquo;autres marques de moteurs haute tension, moteurs basse tension, motor\u00e9ducteurs, variateurs \u00e9lectroniques de vitesse ou encore d\u00e9marreurs. Nous entretenons des partenariats de longue date notamment avec SIEMENS, Getriebebau Nord, VEM et SEW.<\/p>\n<\/div><\/div><div class=\"w-separator size_medium\"><\/div><div class=\"w-grid us_grid us_custom_7061f115 has_text_color us_animate_this type_grid layout_blog_1 cols_3 valign_center preload_style_spinner\" id=\"us_grid_1\" style=\"--columns:3;--gap:1rem;\"><style>@media (max-width:1024px){#us_grid_1{--columns:2!important}}@media (max-width:600px){#us_grid_1{--columns:1!important}}.layout_blog_1 .w-grid-item-h{}.layout_blog_1 .usg_post_image_1{margin-bottom:0.5rem!important}.layout_blog_1 .usg_post_title_1{font-size:1rem!important}<\/style><div class=\"w-grid-list\">\t<article class=\"w-grid-item size_1x1 post-4819 page type-page status-publish has-post-thumbnail hentry\" data-id=\"4819\">\r\n\t\t<div class=\"w-grid-item-h\">\r\n\t\t\t\t\t\t<div class=\"w-post-elm post_image usg_post_image_1 stretched\"><a href=\"https:\/\/www.emz.de\/fr\/produits\/nos-partenaires\/siemens\/\" aria-label=\"SIEMENS \/ INNOMOTICS\"><img loading=\"lazy\" decoding=\"async\" width=\"625\" height=\"638\" src=\"https:\/\/www.emz.de\/wp-content\/uploads\/2022\/08\/P_DALD_XX_00993H.png\" class=\"attachment-large size-large wp-post-image\" alt=\"\" srcset=\"https:\/\/www.emz.de\/wp-content\/uploads\/2022\/08\/P_DALD_XX_00993H.png 625w, https:\/\/www.emz.de\/wp-content\/uploads\/2022\/08\/P_DALD_XX_00993H-294x300.png 294w\" sizes=\"auto, (max-width: 625px) 100vw, 625px\" \/><\/a><\/div><h2 class=\"w-post-elm post_title usg_post_title_1 entry-title color_link_inherit\"><a href=\"https:\/\/www.emz.de\/fr\/produits\/nos-partenaires\/siemens\/\">SIEMENS \/ INNOMOTICS<\/a><\/h2>\t\t<\/div>\r\n\t\t\t<\/article>\r\n\t<article class=\"w-grid-item size_1x1 post-5082 page type-page status-publish has-post-thumbnail hentry\" data-id=\"5082\">\r\n\t\t<div class=\"w-grid-item-h\">\r\n\t\t\t\t\t\t<div class=\"w-post-elm post_image usg_post_image_1 stretched\"><a href=\"https:\/\/www.emz.de\/fr\/produits\/nos-partenaires\/getriebebau-nord\/\" aria-label=\"Getriebebau Nord\"><img loading=\"lazy\" decoding=\"async\" width=\"1024\" height=\"768\" src=\"https:\/\/www.emz.de\/wp-content\/uploads\/2022\/11\/Nord-Getriebemotoren-comp.png\" class=\"attachment-large size-large wp-post-image\" alt=\"\" srcset=\"https:\/\/www.emz.de\/wp-content\/uploads\/2022\/11\/Nord-Getriebemotoren-comp.png 1024w, https:\/\/www.emz.de\/wp-content\/uploads\/2022\/11\/Nord-Getriebemotoren-comp-300x225.png 300w\" sizes=\"auto, (max-width: 1024px) 100vw, 1024px\" \/><\/a><\/div><h2 class=\"w-post-elm post_title usg_post_title_1 entry-title color_link_inherit\"><a href=\"https:\/\/www.emz.de\/fr\/produits\/nos-partenaires\/getriebebau-nord\/\">Getriebebau Nord<\/a><\/h2>\t\t<\/div>\r\n\t\t\t<\/article>\r\n\t<article class=\"w-grid-item size_1x1 post-4822 page type-page status-publish has-post-thumbnail hentry\" data-id=\"4822\">\r\n\t\t<div class=\"w-grid-item-h\">\r\n\t\t\t\t\t\t<div class=\"w-post-elm post_image usg_post_image_1 stretched\"><a href=\"https:\/\/www.emz.de\/fr\/produits\/nos-partenaires\/autres\/\" aria-label=\"Autres\"><img loading=\"lazy\" decoding=\"async\" width=\"1024\" height=\"768\" src=\"https:\/\/www.emz.de\/wp-content\/uploads\/2022\/11\/EMZ-Weitere-Partner_logos-1.png\" class=\"attachment-large size-large wp-post-image\" alt=\"\" srcset=\"https:\/\/www.emz.de\/wp-content\/uploads\/2022\/11\/EMZ-Weitere-Partner_logos-1.png 1024w, https:\/\/www.emz.de\/wp-content\/uploads\/2022\/11\/EMZ-Weitere-Partner_logos-1-300x225.png 300w\" sizes=\"auto, (max-width: 1024px) 100vw, 1024px\" \/><\/a><\/div><h2 class=\"w-post-elm post_title usg_post_title_1 entry-title color_link_inherit\"><a href=\"https:\/\/www.emz.de\/fr\/produits\/nos-partenaires\/autres\/\">Autres<\/a><\/h2>\t\t<\/div>\r\n\t\t\t<\/article>\r\n<\/div>\t<div class=\"w-grid-preloader\">\r\n\t\t<div class=\"g-preloader type_1\">\r\n\t\t\t<div><\/div>\r\n\t\t<\/div>\r\n\t<\/div>\r\n\t\t<div class=\"w-grid-json hidden\" onclick='return {&quot;action&quot;:&quot;us_ajax_grid&quot;,&quot;infinite_scroll&quot;:0,&quot;max_num_pages&quot;:1,&quot;pagination&quot;:&quot;none&quot;,&quot;template_vars&quot;:{&quot;columns&quot;:&quot;3&quot;,&quot;exclude_items&quot;:&quot;none&quot;,&quot;img_size&quot;:&quot;default&quot;,&quot;ignore_items_size&quot;:0,&quot;items_layout&quot;:&quot;blog_1&quot;,&quot;items_offset&quot;:&quot;1&quot;,&quot;load_animation&quot;:&quot;none&quot;,&quot;overriding_link&quot;:&quot;{\\&quot;url\\&quot;:\\&quot;\\&quot;}&quot;,&quot;post_id&quot;:0,&quot;query_args&quot;:{&quot;ignore_sticky_posts&quot;:1,&quot;post_type&quot;:&quot;any&quot;,&quot;post__in&quot;:[&quot;555&quot;,&quot;557&quot;,&quot;559&quot;],&quot;posts_per_page&quot;:&quot;10&quot;},&quot;orderby_query_args&quot;:{&quot;orderby&quot;:{&quot;menu_order&quot;:&quot;ASC&quot;},&quot;order&quot;:&quot;ASC&quot;},&quot;type&quot;:&quot;grid&quot;,&quot;us_grid_post_type&quot;:&quot;ids&quot;,&quot;us_grid_ajax_index&quot;:1,&quot;us_grid_filter_query_string&quot;:null,&quot;us_grid_index&quot;:1,&quot;page_args&quot;:[],&quot;lang&quot;:&quot;fr&quot;}}'><\/div>\r\n\t<\/div><\/div><\/div><\/div><\/div><\/section><section class=\"l-section wpb_row us_custom_f029a2ba height_small\"><div class=\"l-section-h i-cf\"><div class=\"g-cols vc_row via_grid cols_1 laptops-cols_inherit tablets-cols_inherit mobiles-cols_1 valign_top type_default stacking_default\"><div class=\"wpb_column vc_column_container us_custom_127aee5e has_bg_color\"><div class=\"vc_column-inner\">[vc_custom_heading text=\u00a0\u00bbPROFITEZ DE NOS CONDITIONS DE GROSSISTE\u00a0\u00bb font_container=\u00a0\u00bbtag:h3|text_align:left\u00a0\u00bb use_theme_fonts=\u00a0\u00bbyes\u00a0\u00bb]<div class=\"g-cols wpb_row us_custom_df534350 via_grid cols_3 laptops-cols_inherit tablets-cols_inherit mobiles-cols_1 valign_top type_default stacking_default\" style=\"--columns-gap:3rem;\"><div class=\"wpb_column vc_column_container\"><div class=\"vc_column-inner\"><div class=\"w-image us_custom_cb930a70 align_none\"><div class=\"w-image-h\"><img decoding=\"async\" width=\"722\" height=\"471\" src=\"https:\/\/www.emz.de\/wp-content\/uploads\/2024\/12\/Approved_Partner_Logo-01.jpg\" class=\"attachment-large size-large\" alt=\"\" loading=\"lazy\" srcset=\"https:\/\/www.emz.de\/wp-content\/uploads\/2024\/12\/Approved_Partner_Logo-01.jpg 722w, https:\/\/www.emz.de\/wp-content\/uploads\/2024\/12\/Approved_Partner_Logo-01-300x196.jpg 300w\" sizes=\"auto, (max-width: 722px) 100vw, 722px\" \/><\/div><\/div><div class=\"w-separator us_custom_33fe73d0 size_small with_line width_default thick_2 style_solid color_secondary align_center\"><div class=\"w-separator-h\"><\/div><\/div><div class=\"w-image us_custom_73fe3a52 align_none\"><div class=\"w-image-h\"><img decoding=\"async\" width=\"350\" height=\"350\" src=\"https:\/\/www.emz.de\/wp-content\/uploads\/2022\/08\/VEM_logo_2000.png\" class=\"attachment-large size-large\" alt=\"\" loading=\"lazy\" srcset=\"https:\/\/www.emz.de\/wp-content\/uploads\/2022\/08\/VEM_logo_2000.png 350w, https:\/\/www.emz.de\/wp-content\/uploads\/2022\/08\/VEM_logo_2000-300x300.png 300w, https:\/\/www.emz.de\/wp-content\/uploads\/2022\/08\/VEM_logo_2000-150x150.png 150w\" sizes=\"auto, (max-width: 350px) 100vw, 350px\" \/><\/div><\/div><\/div><\/div><div class=\"wpb_column vc_column_container\"><div class=\"vc_column-inner\"><div class=\"w-image us_custom_75bf4b33 align_none\"><div class=\"w-image-h\"><img decoding=\"async\" width=\"587\" height=\"466\" src=\"https:\/\/www.emz.de\/wp-content\/uploads\/2022\/07\/emz-recklinghausen-elektromotoren-partner-handel-getriebebau-nord.png\" class=\"attachment-large size-large\" alt=\"\" loading=\"lazy\" srcset=\"https:\/\/www.emz.de\/wp-content\/uploads\/2022\/07\/emz-recklinghausen-elektromotoren-partner-handel-getriebebau-nord.png 587w, https:\/\/www.emz.de\/wp-content\/uploads\/2022\/07\/emz-recklinghausen-elektromotoren-partner-handel-getriebebau-nord-300x238.png 300w\" sizes=\"auto, (max-width: 587px) 100vw, 587px\" \/><\/div><\/div><div class=\"w-separator us_custom_33fe73d0 size_small with_line width_default thick_2 style_solid color_secondary align_center\"><div class=\"w-separator-h\"><\/div><\/div><div class=\"w-image us_custom_75bf4b33 align_none\"><div class=\"w-image-h\"><img decoding=\"async\" width=\"500\" height=\"199\" src=\"https:\/\/www.emz.de\/wp-content\/uploads\/2022\/08\/500px-ABB_logo.png\" class=\"attachment-large size-large\" alt=\"\" loading=\"lazy\" srcset=\"https:\/\/www.emz.de\/wp-content\/uploads\/2022\/08\/500px-ABB_logo.png 500w, https:\/\/www.emz.de\/wp-content\/uploads\/2022\/08\/500px-ABB_logo-300x119.png 300w\" sizes=\"auto, (max-width: 500px) 100vw, 500px\" \/><\/div><\/div><\/div><\/div><div class=\"wpb_column vc_column_container\"><div class=\"vc_column-inner\"><div class=\"w-image us_custom_c15099d3 align_none\"><div class=\"w-image-h\"><img decoding=\"async\" width=\"1024\" height=\"491\" src=\"https:\/\/www.emz.de\/wp-content\/uploads\/2022\/08\/SEW_LOGO-1024x491.png\" class=\"attachment-large size-large\" alt=\"\" loading=\"lazy\" srcset=\"https:\/\/www.emz.de\/wp-content\/uploads\/2022\/08\/SEW_LOGO-1024x491.png 1024w, https:\/\/www.emz.de\/wp-content\/uploads\/2022\/08\/SEW_LOGO-300x144.png 300w\" sizes=\"auto, (max-width: 1024px) 100vw, 1024px\" \/><\/div><\/div><div class=\"w-separator us_custom_33fe73d0 size_small with_line width_default thick_2 style_solid color_secondary align_center\"><div class=\"w-separator-h\"><\/div><\/div><div class=\"w-image us_custom_c15099d3 align_none\"><div class=\"w-image-h\"><img decoding=\"async\" width=\"1024\" height=\"724\" src=\"https:\/\/www.emz.de\/wp-content\/uploads\/2025\/07\/LOGO_VARVEL_color-1024x724.jpg\" class=\"attachment-large size-large\" alt=\"\" loading=\"lazy\" srcset=\"https:\/\/www.emz.de\/wp-content\/uploads\/2025\/07\/LOGO_VARVEL_color-1024x724.jpg 1024w, https:\/\/www.emz.de\/wp-content\/uploads\/2025\/07\/LOGO_VARVEL_color-300x212.jpg 300w\" sizes=\"auto, (max-width: 1024px) 100vw, 1024px\" \/><\/div><\/div><\/div><\/div><\/div><\/div><\/div><\/div><\/div><\/section><section class=\"l-section wpb_row us_custom_33fe73d0 height_medium width_full\"><div class=\"l-section-h i-cf\"><div class=\"g-cols vc_row via_grid cols_1 laptops-cols_inherit tablets-cols_inherit mobiles-cols_1 valign_bottom type_default stacking_default\"><div class=\"wpb_column vc_column_container\"><div class=\"vc_column-inner\"><div class=\"w-separator us_custom_fae64e24 size_huge\"><\/div><\/div><\/div><\/div><\/div><\/section>\n","protected":false},"excerpt":{"rendered":"[vc_custom_heading text=\"Nos partenaires\" font_container=\"tag:p|text_align:left\" use_theme_fonts=\"yes\" css=\"%7B%22default%22%3A%7B%22color%22%3A%22_header_middle_text%22%2C%22font-size%22%3A%2240px%22%2C%22font-family%22%3A%22h2%22%2C%22font-weight%22%3A%22700%22%2C%22text-transform%22%3A%22uppercase%22%7D%7D\"][vc_custom_heading source=\"post_title\" font_container=\"tag:h1|text_align:left\" use_theme_fonts=\"yes\" css=\"%7B%22default%22%3A%7B%22margin-top%22%3A%220px%22%2C%22margin-bottom%22%3A%220px%22%2C%22padding-top%22%3A%220px%22%7D%7D\"][vc_custom_heading text=\"SEW EURODRIVE\" font_container=\"tag:h3|text_align:left\" use_theme_fonts=\"yes\" css=\"%7B%22default%22%3A%7B%22color%22%3A%22_header_middle_text%22%2C%22font-size%22%3A%2222px%22%2C%22font-weight%22%3A%22700%22%2C%22text-transform%22%3A%22uppercase%22%7D%7D\"]La soci\u00e9t\u00e9 SEW-Eurodrive GmbH &amp; Co KG est un fabricant familial allemand de syst\u00e8mes d&rsquo;entra\u00eenement, dont le si\u00e8ge se trouve \u00e0 Bruchsal, dans le sud-ouest de l&rsquo;Allemagne. Dans la profession, la marque SEW est commun\u00e9ment associ\u00e9e aux moteurs \u00e9lectriques. C&rsquo;est vrai,...","protected":false},"author":1,"featured_media":3821,"parent":4805,"menu_order":3,"comment_status":"closed","ping_status":"closed","template":"","meta":{"footnotes":""},"class_list":["post-4817","page","type-page","status-publish","has-post-thumbnail","hentry"],"yoast_head":"<!-- This site is optimized with the Yoast SEO plugin v27.4 - https:\/\/yoast.com\/product\/yoast-seo-wordpress\/ -->\n<title>Nos partenaires | EMZ<\/title>\n<meta name=\"robots\" content=\"index, follow, max-snippet:-1, max-image-preview:large, max-video-preview:-1\" \/>\n<link rel=\"canonical\" href=\"https:\/\/www.emz.de\/fr\/produits\/nos-partenaires\/\" \/>\n<meta property=\"og:locale\" content=\"fr_FR\" \/>\n<meta property=\"og:type\" content=\"article\" \/>\n<meta property=\"og:title\" content=\"Nos partenaires | EMZ\" \/>\n<meta property=\"og:url\" content=\"https:\/\/www.emz.de\/fr\/produits\/nos-partenaires\/\" \/>\n<meta property=\"og:site_name\" content=\"EMZ\" \/>\n<meta property=\"article:publisher\" content=\"https:\/\/www.facebook.com\/EMZdeutschland\" \/>\n<meta property=\"article:modified_time\" content=\"2025-07-01T09:04:58+00:00\" \/>\n<meta property=\"og:image\" content=\"https:\/\/www.emz.de\/wp-content\/uploads\/2022\/07\/emz-recklinghausen-elektromotoren-partner-handel.jpg\" \/>\n\t<meta property=\"og:image:width\" content=\"1200\" \/>\n\t<meta property=\"og:image:height\" content=\"800\" \/>\n\t<meta property=\"og:image:type\" content=\"image\/jpeg\" \/>\n<meta name=\"twitter:card\" content=\"summary_large_image\" \/>\n<script type=\"application\/ld+json\" class=\"yoast-schema-graph\">{\"@context\":\"https:\\\/\\\/schema.org\",\"@graph\":[{\"@type\":\"WebPage\",\"@id\":\"https:\\\/\\\/www.emz.de\\\/fr\\\/produits\\\/nos-partenaires\\\/\",\"url\":\"https:\\\/\\\/www.emz.de\\\/fr\\\/produits\\\/nos-partenaires\\\/\",\"name\":\"Nos partenaires | EMZ\",\"isPartOf\":{\"@id\":\"https:\\\/\\\/www.emz.de\\\/fr\\\/#website\"},\"primaryImageOfPage\":{\"@id\":\"https:\\\/\\\/www.emz.de\\\/fr\\\/produits\\\/nos-partenaires\\\/#primaryimage\"},\"image\":{\"@id\":\"https:\\\/\\\/www.emz.de\\\/fr\\\/produits\\\/nos-partenaires\\\/#primaryimage\"},\"thumbnailUrl\":\"https:\\\/\\\/www.emz.de\\\/wp-content\\\/uploads\\\/2022\\\/07\\\/emz-recklinghausen-elektromotoren-partner-handel.jpg\",\"datePublished\":\"2022-04-28T07:27:12+00:00\",\"dateModified\":\"2025-07-01T09:04:58+00:00\",\"breadcrumb\":{\"@id\":\"https:\\\/\\\/www.emz.de\\\/fr\\\/produits\\\/nos-partenaires\\\/#breadcrumb\"},\"inLanguage\":\"fr-FR\",\"potentialAction\":[{\"@type\":\"ReadAction\",\"target\":[\"https:\\\/\\\/www.emz.de\\\/fr\\\/produits\\\/nos-partenaires\\\/\"]}]},{\"@type\":\"ImageObject\",\"inLanguage\":\"fr-FR\",\"@id\":\"https:\\\/\\\/www.emz.de\\\/fr\\\/produits\\\/nos-partenaires\\\/#primaryimage\",\"url\":\"https:\\\/\\\/www.emz.de\\\/wp-content\\\/uploads\\\/2022\\\/07\\\/emz-recklinghausen-elektromotoren-partner-handel.jpg\",\"contentUrl\":\"https:\\\/\\\/www.emz.de\\\/wp-content\\\/uploads\\\/2022\\\/07\\\/emz-recklinghausen-elektromotoren-partner-handel.jpg\",\"width\":1200,\"height\":800},{\"@type\":\"BreadcrumbList\",\"@id\":\"https:\\\/\\\/www.emz.de\\\/fr\\\/produits\\\/nos-partenaires\\\/#breadcrumb\",\"itemListElement\":[{\"@type\":\"ListItem\",\"position\":1,\"name\":\"Home\",\"item\":\"https:\\\/\\\/www.emz.de\\\/fr\\\/\"},{\"@type\":\"ListItem\",\"position\":2,\"name\":\"PRODUITS\",\"item\":\"https:\\\/\\\/www.emz.de\\\/fr\\\/produits\\\/\"},{\"@type\":\"ListItem\",\"position\":3,\"name\":\"Nos partenaires\"}]},{\"@type\":\"WebSite\",\"@id\":\"https:\\\/\\\/www.emz.de\\\/fr\\\/#website\",\"url\":\"https:\\\/\\\/www.emz.de\\\/fr\\\/\",\"name\":\"EMZ Elektromotoren f\u00fcr Hochspannung und Niederspannung\",\"description\":\"Spezialist f\u00fcr elektrische Antriebstechnik\",\"publisher\":{\"@id\":\"https:\\\/\\\/www.emz.de\\\/fr\\\/#organization\"},\"alternateName\":\"EMZ\",\"potentialAction\":[{\"@type\":\"SearchAction\",\"target\":{\"@type\":\"EntryPoint\",\"urlTemplate\":\"https:\\\/\\\/www.emz.de\\\/fr\\\/?s={search_term_string}\"},\"query-input\":{\"@type\":\"PropertyValueSpecification\",\"valueRequired\":true,\"valueName\":\"search_term_string\"}}],\"inLanguage\":\"fr-FR\"},{\"@type\":\"Organization\",\"@id\":\"https:\\\/\\\/www.emz.de\\\/fr\\\/#organization\",\"name\":\"EMZ Elektro-Maschinen-Zentrale GmbH\",\"alternateName\":\"EMZ\",\"url\":\"https:\\\/\\\/www.emz.de\\\/fr\\\/\",\"logo\":{\"@type\":\"ImageObject\",\"inLanguage\":\"fr-FR\",\"@id\":\"https:\\\/\\\/www.emz.de\\\/fr\\\/#\\\/schema\\\/logo\\\/image\\\/\",\"url\":\"https:\\\/\\\/www.emz.de\\\/wp-content\\\/uploads\\\/2022\\\/07\\\/EMZ_Logo_RGB_mitClaim_Positiv_2-farbig_Hellblau-Dunkelblau.svg\",\"contentUrl\":\"https:\\\/\\\/www.emz.de\\\/wp-content\\\/uploads\\\/2022\\\/07\\\/EMZ_Logo_RGB_mitClaim_Positiv_2-farbig_Hellblau-Dunkelblau.svg\",\"width\":\"1024\",\"height\":\"1024\",\"caption\":\"EMZ Elektro-Maschinen-Zentrale GmbH\"},\"image\":{\"@id\":\"https:\\\/\\\/www.emz.de\\\/fr\\\/#\\\/schema\\\/logo\\\/image\\\/\"},\"sameAs\":[\"https:\\\/\\\/www.facebook.com\\\/EMZdeutschland\",\"https:\\\/\\\/www.linkedin.com\\\/company\\\/emz-elektro-maschinen-zentrale-gmbh\\\/?originalSubdomain=de\",\"https:\\\/\\\/www.youtube.com\\\/channel\\\/UCajQ_5Xm-hS2H16Liwf5UAQ\\\/featured\",\"https:\\\/\\\/www.xing.com\\\/pages\\\/emz-elektro-maschinen-zentrale-gmbh\"]}]}<\/script>\n<!-- \/ Yoast SEO plugin. -->","yoast_head_json":{"title":"Nos partenaires | EMZ","robots":{"index":"index","follow":"follow","max-snippet":"max-snippet:-1","max-image-preview":"max-image-preview:large","max-video-preview":"max-video-preview:-1"},"canonical":"https:\/\/www.emz.de\/fr\/produits\/nos-partenaires\/","og_locale":"fr_FR","og_type":"article","og_title":"Nos partenaires | EMZ","og_url":"https:\/\/www.emz.de\/fr\/produits\/nos-partenaires\/","og_site_name":"EMZ","article_publisher":"https:\/\/www.facebook.com\/EMZdeutschland","article_modified_time":"2025-07-01T09:04:58+00:00","og_image":[{"width":1200,"height":800,"url":"https:\/\/www.emz.de\/wp-content\/uploads\/2022\/07\/emz-recklinghausen-elektromotoren-partner-handel.jpg","type":"image\/jpeg"}],"twitter_card":"summary_large_image","schema":{"@context":"https:\/\/schema.org","@graph":[{"@type":"WebPage","@id":"https:\/\/www.emz.de\/fr\/produits\/nos-partenaires\/","url":"https:\/\/www.emz.de\/fr\/produits\/nos-partenaires\/","name":"Nos partenaires | EMZ","isPartOf":{"@id":"https:\/\/www.emz.de\/fr\/#website"},"primaryImageOfPage":{"@id":"https:\/\/www.emz.de\/fr\/produits\/nos-partenaires\/#primaryimage"},"image":{"@id":"https:\/\/www.emz.de\/fr\/produits\/nos-partenaires\/#primaryimage"},"thumbnailUrl":"https:\/\/www.emz.de\/wp-content\/uploads\/2022\/07\/emz-recklinghausen-elektromotoren-partner-handel.jpg","datePublished":"2022-04-28T07:27:12+00:00","dateModified":"2025-07-01T09:04:58+00:00","breadcrumb":{"@id":"https:\/\/www.emz.de\/fr\/produits\/nos-partenaires\/#breadcrumb"},"inLanguage":"fr-FR","potentialAction":[{"@type":"ReadAction","target":["https:\/\/www.emz.de\/fr\/produits\/nos-partenaires\/"]}]},{"@type":"ImageObject","inLanguage":"fr-FR","@id":"https:\/\/www.emz.de\/fr\/produits\/nos-partenaires\/#primaryimage","url":"https:\/\/www.emz.de\/wp-content\/uploads\/2022\/07\/emz-recklinghausen-elektromotoren-partner-handel.jpg","contentUrl":"https:\/\/www.emz.de\/wp-content\/uploads\/2022\/07\/emz-recklinghausen-elektromotoren-partner-handel.jpg","width":1200,"height":800},{"@type":"BreadcrumbList","@id":"https:\/\/www.emz.de\/fr\/produits\/nos-partenaires\/#breadcrumb","itemListElement":[{"@type":"ListItem","position":1,"name":"Home","item":"https:\/\/www.emz.de\/fr\/"},{"@type":"ListItem","position":2,"name":"PRODUITS","item":"https:\/\/www.emz.de\/fr\/produits\/"},{"@type":"ListItem","position":3,"name":"Nos partenaires"}]},{"@type":"WebSite","@id":"https:\/\/www.emz.de\/fr\/#website","url":"https:\/\/www.emz.de\/fr\/","name":"EMZ Elektromotoren f\u00fcr Hochspannung und Niederspannung","description":"Spezialist f\u00fcr elektrische Antriebstechnik","publisher":{"@id":"https:\/\/www.emz.de\/fr\/#organization"},"alternateName":"EMZ","potentialAction":[{"@type":"SearchAction","target":{"@type":"EntryPoint","urlTemplate":"https:\/\/www.emz.de\/fr\/?s={search_term_string}"},"query-input":{"@type":"PropertyValueSpecification","valueRequired":true,"valueName":"search_term_string"}}],"inLanguage":"fr-FR"},{"@type":"Organization","@id":"https:\/\/www.emz.de\/fr\/#organization","name":"EMZ Elektro-Maschinen-Zentrale GmbH","alternateName":"EMZ","url":"https:\/\/www.emz.de\/fr\/","logo":{"@type":"ImageObject","inLanguage":"fr-FR","@id":"https:\/\/www.emz.de\/fr\/#\/schema\/logo\/image\/","url":"https:\/\/www.emz.de\/wp-content\/uploads\/2022\/07\/EMZ_Logo_RGB_mitClaim_Positiv_2-farbig_Hellblau-Dunkelblau.svg","contentUrl":"https:\/\/www.emz.de\/wp-content\/uploads\/2022\/07\/EMZ_Logo_RGB_mitClaim_Positiv_2-farbig_Hellblau-Dunkelblau.svg","width":"1024","height":"1024","caption":"EMZ Elektro-Maschinen-Zentrale GmbH"},"image":{"@id":"https:\/\/www.emz.de\/fr\/#\/schema\/logo\/image\/"},"sameAs":["https:\/\/www.facebook.com\/EMZdeutschland","https:\/\/www.linkedin.com\/company\/emz-elektro-maschinen-zentrale-gmbh\/?originalSubdomain=de","https:\/\/www.youtube.com\/channel\/UCajQ_5Xm-hS2H16Liwf5UAQ\/featured","https:\/\/www.xing.com\/pages\/emz-elektro-maschinen-zentrale-gmbh"]}]}},"_links":{"self":[{"href":"https:\/\/www.emz.de\/fr\/wp-json\/wp\/v2\/pages\/4817","targetHints":{"allow":["GET"]}}],"collection":[{"href":"https:\/\/www.emz.de\/fr\/wp-json\/wp\/v2\/pages"}],"about":[{"href":"https:\/\/www.emz.de\/fr\/wp-json\/wp\/v2\/types\/page"}],"author":[{"embeddable":true,"href":"https:\/\/www.emz.de\/fr\/wp-json\/wp\/v2\/users\/1"}],"replies":[{"embeddable":true,"href":"https:\/\/www.emz.de\/fr\/wp-json\/wp\/v2\/comments?post=4817"}],"version-history":[{"count":5,"href":"https:\/\/www.emz.de\/fr\/wp-json\/wp\/v2\/pages\/4817\/revisions"}],"predecessor-version":[{"id":9515,"href":"https:\/\/www.emz.de\/fr\/wp-json\/wp\/v2\/pages\/4817\/revisions\/9515"}],"up":[{"embeddable":true,"href":"https:\/\/www.emz.de\/fr\/wp-json\/wp\/v2\/pages\/4805"}],"wp:featuredmedia":[{"embeddable":true,"href":"https:\/\/www.emz.de\/fr\/wp-json\/wp\/v2\/media\/3821"}],"wp:attachment":[{"href":"https:\/\/www.emz.de\/fr\/wp-json\/wp\/v2\/media?parent=4817"}],"curies":[{"name":"wp","href":"https:\/\/api.w.org\/{rel}","templated":true}]}}