{"id":5042,"date":"2022-04-29T12:34:04","date_gmt":"2022-04-29T10:34:04","guid":{"rendered":"https:\/\/staging.emz.de\/faq\/"},"modified":"2022-11-21T21:27:42","modified_gmt":"2022-11-21T20:27:42","slug":"faq","status":"publish","type":"page","link":"https:\/\/www.emz.de\/fr\/faq\/","title":{"rendered":"FAQ"},"content":{"rendered":"<section class=\"l-section wpb_row us_custom_6c38848e height_medium\"><div class=\"l-section-h i-cf\"><div class=\"g-cols vc_row via_grid cols_1 laptops-cols_inherit tablets-cols_inherit mobiles-cols_1 valign_top type_default stacking_default\"><div class=\"wpb_column vc_column_container\"><div class=\"vc_column-inner\">[vc_custom_heading text=\u00a0\u00bbQuestions fr\u00e9quentes\u00a0\u00bb font_container=\u00a0\u00bbtag:p|text_align:left\u00a0\u00bb use_theme_fonts=\u00a0\u00bbyes\u00a0\u00bb css=\u00a0\u00bb%7B%22default%22%3A%7B%22color%22%3A%22_header_middle_text%22%2C%22font-size%22%3A%2240px%22%2C%22font-family%22%3A%22h2%22%2C%22font-weight%22%3A%22700%22%2C%22text-transform%22%3A%22uppercase%22%7D%7D\u00a0\u00bb][vc_custom_heading source=\u00a0\u00bbpost_title\u00a0\u00bb font_container=\u00a0\u00bbtag:h1|text_align:left\u00a0\u00bb use_theme_fonts=\u00a0\u00bbyes\u00a0\u00bb css=\u00a0\u00bb%7B%22default%22%3A%7B%22margin-top%22%3A%220px%22%2C%22margin-bottom%22%3A%220px%22%2C%22padding-top%22%3A%220px%22%7D%7D\u00a0\u00bb]<\/div><\/div><\/div><\/div><\/section><section class=\"l-section wpb_row us_custom_eac59c77 height_auto\"><div class=\"l-section-h i-cf\"><div class=\"g-cols vc_row via_grid cols_1 laptops-cols_inherit tablets-cols_inherit mobiles-cols_1 valign_top type_default stacking_default\"><div class=\"wpb_column vc_column_container\"><div class=\"vc_column-inner\"><div class=\"wpb_text_column us_custom_bf2881af\"><div class=\"wpb_wrapper\"><h3>Quelle garantie est offerte ?<\/h3>\n<p>Vous b\u00e9n\u00e9ficiez d&rsquo;une garantie de 12 mois apr\u00e8s livraison pour tous les produits neufs et d&rsquo;occasion. La s\u00e9lection d&rsquo;options dans notre boutique en ligne permet d&rsquo;\u00e9tendre la garantie \u00e0 24 mois pour de nombreux articles.<\/p>\n<h3>Quels sont les modes de paiement disponibles ?<\/h3>\n<p>Paiement sur facture (apr\u00e8s v\u00e9rification de solvabilit\u00e9 satisfaisante)<br \/>\nConditions de paiement : 30 jours nets ; 10 jours moins 2\u2060% d&rsquo;escompte<\/p>\n<p>Paiement \u00e0 la commande (si la solvabilit\u00e9 n&rsquo;a pas pu \u00eatre v\u00e9rifi\u00e9e ou si le rapport obtenu est d\u00e9favorable)<br \/>\nLa livraison aura lieu apr\u00e8s r\u00e9ception du paiement.<\/p>\n<h3>Quel est le montant des frais de transport\u2060?<\/h3>\n<p>Les frais de transport d\u00e9pendent de la zone du code postal et du poids. Ceux-ci seront affich\u00e9s dans le r\u00e9capitulatif du panier avant la fin de votre commande. Vous pouvez bien entendu aussi choisir la livraison express.<\/p>\n<h3>Puis-je commander chez vous des marchandises depuis l&rsquo;\u00e9tranger ?<\/h3>\n<p>La livraison \u00e0 l&rsquo;\u00e9tranger est possible \u00e0 tout moment, mais doit faire l&rsquo;objet d&rsquo;une demande pr\u00e9alable.<\/p>\n<h3>Tous les prix incluent-ils le suppl\u00e9ment cuivre ?<\/h3>\n<p>Les prix indiqu\u00e9s pour les moteurs \u00e0 rotor en court-circuit, \u00e0 bagues collectrices et \u00e0 courant alternatif sont major\u00e9s du suppl\u00e9ment cuivre du jour conform\u00e9ment \u00e0 la note DEL. Le montant vous sera indiqu\u00e9 dans le r\u00e9capitulatif des marchandises avant la finalisation de votre commande. Le suppl\u00e9ment cuivre ne s&rsquo;applique qu&rsquo;\u00e0 l&rsquo;achat de moteurs neufs.<\/p>\n<h3>Tous les prix incluent-ils la TVA\u2060?<\/h3>\n<p>Tous nos prix sont des prix nets, hors TVA.<\/p>\n<\/div><\/div><div class=\"g-cols wpb_row via_grid cols_1 laptops-cols_inherit tablets-cols_inherit mobiles-cols_1 valign_top type_default stacking_default\" style=\"--columns-gap:3rem;\"><div class=\"wpb_column vc_column_container\"><div class=\"vc_column-inner\"><div class=\"w-separator size_medium with_line width_default thick_3 style_solid color_secondary align_center\"><div class=\"w-separator-h\"><\/div><\/div><\/div><\/div><\/div><\/div><\/div><\/div><\/div><\/section><section class=\"l-section wpb_row us_custom_eac59c77 height_medium\"><div class=\"l-section-h i-cf\"><div class=\"g-cols vc_row via_grid cols_2-1 laptops-cols_inherit tablets-cols_inherit mobiles-cols_1 valign_middle type_default stacking_default\" style=\"--columns-gap:2rem;\"><div class=\"wpb_column vc_column_container\"><div class=\"vc_column-inner\"><div class=\"g-cols wpb_row us_custom_50cc7d67 via_grid cols_1-4 laptops-cols_inherit tablets-cols_inherit mobiles-cols_1 valign_middle type_default stacking_default\" style=\"--columns-gap:0rem;\"><div class=\"wpb_column vc_column_container\"><div class=\"vc_column-inner\"><div class=\"w-iconbox iconpos_left style_default color_secondary align_center no_text no_title\"><div class=\"w-iconbox-icon\" style=\"font-size:100px;\"><i class=\"fal fa-globe\"><\/i><\/div><div class=\"w-iconbox-meta\"><\/div><\/div><\/div><\/div><div class=\"wpb_column vc_column_container\"><div class=\"vc_column-inner\">[vc_custom_heading text=\u00a0\u00bbPour vous sur place\u00a0\u00bb font_container=\u00a0\u00bbtag:p|text_align:left\u00a0\u00bb css=\u00a0\u00bb%7B%22default%22%3A%7B%22color%22%3A%22_header_middle_text%22%2C%22font-family%22%3A%22h2%22%2C%22font-weight%22%3A%22700%22%2C%22text-transform%22%3A%22uppercase%22%2C%22font-size%22%3A%2235px%22%2C%22margin-bottom%22%3A%220px%22%2C%22padding-bottom%22%3A%220px%22%7D%7D\u00a0\u00bb][vc_custom_heading text=\u00a0\u00bbService mondial\u00a0\u00bb font_container=\u00a0\u00bbtag:p|text_align:left\u00a0\u00bb use_theme_fonts=\u00a0\u00bbyes\u00a0\u00bb css=\u00a0\u00bb%7B%22default%22%3A%7B%22color%22%3A%22_header_middle_text_hover%22%2C%22font-family%22%3A%22h1%22%2C%22font-weight%22%3A%22200%22%2C%22font-size%22%3A%2265px%22%2C%22padding-top%22%3A%220px%22%7D%7D\u00a0\u00bb]<\/div><\/div><\/div><div class=\"wpb_text_column\"><div class=\"wpb_wrapper\"><p>Depuis 1952, la <strong><span class=\"searchHighlight\">EMZ<\/span><\/strong> est \u00e0 la disposition de nos clients dans le monde entier en tant que <strong>partenaire<\/strong> fiable et comp\u00e9tent dans le domaine de la technique d&rsquo;entra\u00eenement. Notre <strong>service<\/strong> ne fait pas exception \u00e0 la r\u00e8gle. Gr\u00e2ce \u00e0 notre num\u00e9ro d&rsquo;urgence <span class=\"searchHighlight\">EMZ<\/span> sp\u00e9cialement mis en place, notre \u00e9quipe <strong>qualifi\u00e9e<\/strong> vous offre une assistance rapide et directe <strong>24 heures sur 24 pour<\/strong> toutes les questions de service.<\/p>\n<\/div><\/div><\/div><\/div><div class=\"wpb_column vc_column_container\"><div class=\"vc_column-overlay\" style=\"background:var(--color-header-middle-bg)\"><\/div><div class=\"vc_column-inner\">[vc_custom_heading text=\u00a0\u00bbAper\u00e7u de nos services\u00a0\u00bb font_container=\u00a0\u00bbtag:p|text_align:center\u00a0\u00bb css=\u00a0\u00bb%7B%22default%22%3A%7B%22color%22%3A%22_header_middle_text%22%2C%22font-size%22%3A%2222px%22%2C%22font-family%22%3A%22h5%22%2C%22font-weight%22%3A%22700%22%2C%22margin-bottom%22%3A%220px%22%2C%22padding-bottom%22%3A%220px%22%7D%7D\u00a0\u00bb]<div class=\"w-btn-wrapper align_center\"><a class=\"w-btn us-btn-style_1 us_custom_d2199d32\" href=\"#\"><span class=\"w-btn-label\">portefeuille de services<\/span><\/a><\/div><\/div><\/div><\/div><\/div><\/section>\n","protected":false},"excerpt":{"rendered":"[vc_custom_heading text=\"Questions fr\u00e9quentes\" font_container=\"tag:p|text_align:left\" use_theme_fonts=\"yes\" css=\"%7B%22default%22%3A%7B%22color%22%3A%22_header_middle_text%22%2C%22font-size%22%3A%2240px%22%2C%22font-family%22%3A%22h2%22%2C%22font-weight%22%3A%22700%22%2C%22text-transform%22%3A%22uppercase%22%7D%7D\"][vc_custom_heading source=\"post_title\" font_container=\"tag:h1|text_align:left\" use_theme_fonts=\"yes\" css=\"%7B%22default%22%3A%7B%22margin-top%22%3A%220px%22%2C%22margin-bottom%22%3A%220px%22%2C%22padding-top%22%3A%220px%22%7D%7D\"]Quelle garantie est offerte ? Vous b\u00e9n\u00e9ficiez d&rsquo;une garantie de 12 mois apr\u00e8s livraison pour tous les produits neufs et d&rsquo;occasion. La s\u00e9lection d&rsquo;options dans notre boutique en ligne permet d&rsquo;\u00e9tendre la garantie \u00e0 24 mois pour de nombreux articles. Quels sont les modes de paiement...","protected":false},"author":1,"featured_media":0,"parent":0,"menu_order":0,"comment_status":"closed","ping_status":"closed","template":"","meta":{"footnotes":""},"class_list":["post-5042","page","type-page","status-publish","hentry"],"yoast_head":"<!-- This site is optimized with the Yoast SEO plugin v27.4 - https:\/\/yoast.com\/product\/yoast-seo-wordpress\/ -->\n<title>FAQ | EMZ<\/title>\n<meta name=\"robots\" content=\"index, follow, max-snippet:-1, max-image-preview:large, max-video-preview:-1\" \/>\n<link rel=\"canonical\" href=\"https:\/\/www.emz.de\/fr\/faq\/\" \/>\n<meta property=\"og:locale\" content=\"fr_FR\" \/>\n<meta property=\"og:type\" content=\"article\" \/>\n<meta property=\"og:title\" content=\"FAQ | EMZ\" \/>\n<meta property=\"og:url\" content=\"https:\/\/www.emz.de\/fr\/faq\/\" \/>\n<meta property=\"og:site_name\" content=\"EMZ\" \/>\n<meta property=\"article:publisher\" content=\"https:\/\/www.facebook.com\/EMZdeutschland\" \/>\n<meta property=\"article:modified_time\" content=\"2022-11-21T20:27:42+00:00\" \/>\n<meta property=\"og:image\" content=\"https:\/\/www.emz.de\/wp-content\/uploads\/2022\/11\/EMZ-elektro-Maschinen-Zentrale-social.jpg\" \/>\n\t<meta property=\"og:image:width\" content=\"1200\" \/>\n\t<meta property=\"og:image:height\" content=\"630\" \/>\n\t<meta property=\"og:image:type\" content=\"image\/jpeg\" \/>\n<meta name=\"twitter:card\" content=\"summary_large_image\" \/>\n<script type=\"application\/ld+json\" class=\"yoast-schema-graph\">{\"@context\":\"https:\\\/\\\/schema.org\",\"@graph\":[{\"@type\":\"WebPage\",\"@id\":\"https:\\\/\\\/www.emz.de\\\/fr\\\/faq\\\/\",\"url\":\"https:\\\/\\\/www.emz.de\\\/fr\\\/faq\\\/\",\"name\":\"FAQ | EMZ\",\"isPartOf\":{\"@id\":\"https:\\\/\\\/www.emz.de\\\/fr\\\/#website\"},\"datePublished\":\"2022-04-29T10:34:04+00:00\",\"dateModified\":\"2022-11-21T20:27:42+00:00\",\"breadcrumb\":{\"@id\":\"https:\\\/\\\/www.emz.de\\\/fr\\\/faq\\\/#breadcrumb\"},\"inLanguage\":\"fr-FR\",\"potentialAction\":[{\"@type\":\"ReadAction\",\"target\":[\"https:\\\/\\\/www.emz.de\\\/fr\\\/faq\\\/\"]}]},{\"@type\":\"BreadcrumbList\",\"@id\":\"https:\\\/\\\/www.emz.de\\\/fr\\\/faq\\\/#breadcrumb\",\"itemListElement\":[{\"@type\":\"ListItem\",\"position\":1,\"name\":\"Home\",\"item\":\"https:\\\/\\\/www.emz.de\\\/fr\\\/\"},{\"@type\":\"ListItem\",\"position\":2,\"name\":\"FAQ\"}]},{\"@type\":\"WebSite\",\"@id\":\"https:\\\/\\\/www.emz.de\\\/fr\\\/#website\",\"url\":\"https:\\\/\\\/www.emz.de\\\/fr\\\/\",\"name\":\"EMZ Elektromotoren f\u00fcr Hochspannung und Niederspannung\",\"description\":\"Spezialist f\u00fcr elektrische Antriebstechnik\",\"publisher\":{\"@id\":\"https:\\\/\\\/www.emz.de\\\/fr\\\/#organization\"},\"alternateName\":\"EMZ\",\"potentialAction\":[{\"@type\":\"SearchAction\",\"target\":{\"@type\":\"EntryPoint\",\"urlTemplate\":\"https:\\\/\\\/www.emz.de\\\/fr\\\/?s={search_term_string}\"},\"query-input\":{\"@type\":\"PropertyValueSpecification\",\"valueRequired\":true,\"valueName\":\"search_term_string\"}}],\"inLanguage\":\"fr-FR\"},{\"@type\":\"Organization\",\"@id\":\"https:\\\/\\\/www.emz.de\\\/fr\\\/#organization\",\"name\":\"EMZ Elektro-Maschinen-Zentrale GmbH\",\"alternateName\":\"EMZ\",\"url\":\"https:\\\/\\\/www.emz.de\\\/fr\\\/\",\"logo\":{\"@type\":\"ImageObject\",\"inLanguage\":\"fr-FR\",\"@id\":\"https:\\\/\\\/www.emz.de\\\/fr\\\/#\\\/schema\\\/logo\\\/image\\\/\",\"url\":\"https:\\\/\\\/www.emz.de\\\/wp-content\\\/uploads\\\/2022\\\/07\\\/EMZ_Logo_RGB_mitClaim_Positiv_2-farbig_Hellblau-Dunkelblau.svg\",\"contentUrl\":\"https:\\\/\\\/www.emz.de\\\/wp-content\\\/uploads\\\/2022\\\/07\\\/EMZ_Logo_RGB_mitClaim_Positiv_2-farbig_Hellblau-Dunkelblau.svg\",\"width\":\"1024\",\"height\":\"1024\",\"caption\":\"EMZ Elektro-Maschinen-Zentrale GmbH\"},\"image\":{\"@id\":\"https:\\\/\\\/www.emz.de\\\/fr\\\/#\\\/schema\\\/logo\\\/image\\\/\"},\"sameAs\":[\"https:\\\/\\\/www.facebook.com\\\/EMZdeutschland\",\"https:\\\/\\\/www.linkedin.com\\\/company\\\/emz-elektro-maschinen-zentrale-gmbh\\\/?originalSubdomain=de\",\"https:\\\/\\\/www.youtube.com\\\/channel\\\/UCajQ_5Xm-hS2H16Liwf5UAQ\\\/featured\",\"https:\\\/\\\/www.xing.com\\\/pages\\\/emz-elektro-maschinen-zentrale-gmbh\"]}]}<\/script>\n<!-- \/ Yoast SEO plugin. -->","yoast_head_json":{"title":"FAQ | EMZ","robots":{"index":"index","follow":"follow","max-snippet":"max-snippet:-1","max-image-preview":"max-image-preview:large","max-video-preview":"max-video-preview:-1"},"canonical":"https:\/\/www.emz.de\/fr\/faq\/","og_locale":"fr_FR","og_type":"article","og_title":"FAQ | EMZ","og_url":"https:\/\/www.emz.de\/fr\/faq\/","og_site_name":"EMZ","article_publisher":"https:\/\/www.facebook.com\/EMZdeutschland","article_modified_time":"2022-11-21T20:27:42+00:00","og_image":[{"width":1200,"height":630,"url":"https:\/\/www.emz.de\/wp-content\/uploads\/2022\/11\/EMZ-elektro-Maschinen-Zentrale-social.jpg","type":"image\/jpeg"}],"twitter_card":"summary_large_image","schema":{"@context":"https:\/\/schema.org","@graph":[{"@type":"WebPage","@id":"https:\/\/www.emz.de\/fr\/faq\/","url":"https:\/\/www.emz.de\/fr\/faq\/","name":"FAQ | EMZ","isPartOf":{"@id":"https:\/\/www.emz.de\/fr\/#website"},"datePublished":"2022-04-29T10:34:04+00:00","dateModified":"2022-11-21T20:27:42+00:00","breadcrumb":{"@id":"https:\/\/www.emz.de\/fr\/faq\/#breadcrumb"},"inLanguage":"fr-FR","potentialAction":[{"@type":"ReadAction","target":["https:\/\/www.emz.de\/fr\/faq\/"]}]},{"@type":"BreadcrumbList","@id":"https:\/\/www.emz.de\/fr\/faq\/#breadcrumb","itemListElement":[{"@type":"ListItem","position":1,"name":"Home","item":"https:\/\/www.emz.de\/fr\/"},{"@type":"ListItem","position":2,"name":"FAQ"}]},{"@type":"WebSite","@id":"https:\/\/www.emz.de\/fr\/#website","url":"https:\/\/www.emz.de\/fr\/","name":"EMZ Elektromotoren f\u00fcr Hochspannung und Niederspannung","description":"Spezialist f\u00fcr elektrische Antriebstechnik","publisher":{"@id":"https:\/\/www.emz.de\/fr\/#organization"},"alternateName":"EMZ","potentialAction":[{"@type":"SearchAction","target":{"@type":"EntryPoint","urlTemplate":"https:\/\/www.emz.de\/fr\/?s={search_term_string}"},"query-input":{"@type":"PropertyValueSpecification","valueRequired":true,"valueName":"search_term_string"}}],"inLanguage":"fr-FR"},{"@type":"Organization","@id":"https:\/\/www.emz.de\/fr\/#organization","name":"EMZ Elektro-Maschinen-Zentrale GmbH","alternateName":"EMZ","url":"https:\/\/www.emz.de\/fr\/","logo":{"@type":"ImageObject","inLanguage":"fr-FR","@id":"https:\/\/www.emz.de\/fr\/#\/schema\/logo\/image\/","url":"https:\/\/www.emz.de\/wp-content\/uploads\/2022\/07\/EMZ_Logo_RGB_mitClaim_Positiv_2-farbig_Hellblau-Dunkelblau.svg","contentUrl":"https:\/\/www.emz.de\/wp-content\/uploads\/2022\/07\/EMZ_Logo_RGB_mitClaim_Positiv_2-farbig_Hellblau-Dunkelblau.svg","width":"1024","height":"1024","caption":"EMZ Elektro-Maschinen-Zentrale GmbH"},"image":{"@id":"https:\/\/www.emz.de\/fr\/#\/schema\/logo\/image\/"},"sameAs":["https:\/\/www.facebook.com\/EMZdeutschland","https:\/\/www.linkedin.com\/company\/emz-elektro-maschinen-zentrale-gmbh\/?originalSubdomain=de","https:\/\/www.youtube.com\/channel\/UCajQ_5Xm-hS2H16Liwf5UAQ\/featured","https:\/\/www.xing.com\/pages\/emz-elektro-maschinen-zentrale-gmbh"]}]}},"_links":{"self":[{"href":"https:\/\/www.emz.de\/fr\/wp-json\/wp\/v2\/pages\/5042","targetHints":{"allow":["GET"]}}],"collection":[{"href":"https:\/\/www.emz.de\/fr\/wp-json\/wp\/v2\/pages"}],"about":[{"href":"https:\/\/www.emz.de\/fr\/wp-json\/wp\/v2\/types\/page"}],"author":[{"embeddable":true,"href":"https:\/\/www.emz.de\/fr\/wp-json\/wp\/v2\/users\/1"}],"replies":[{"embeddable":true,"href":"https:\/\/www.emz.de\/fr\/wp-json\/wp\/v2\/comments?post=5042"}],"version-history":[{"count":2,"href":"https:\/\/www.emz.de\/fr\/wp-json\/wp\/v2\/pages\/5042\/revisions"}],"predecessor-version":[{"id":5044,"href":"https:\/\/www.emz.de\/fr\/wp-json\/wp\/v2\/pages\/5042\/revisions\/5044"}],"wp:attachment":[{"href":"https:\/\/www.emz.de\/fr\/wp-json\/wp\/v2\/media?parent=5042"}],"curies":[{"name":"wp","href":"https:\/\/api.w.org\/{rel}","templated":true}]}}