{"id":5045,"date":"2022-04-29T12:33:51","date_gmt":"2022-04-29T10:33:51","guid":{"rendered":"https:\/\/staging.emz.de\/cgv\/"},"modified":"2024-04-16T10:48:07","modified_gmt":"2024-04-16T08:48:07","slug":"cgv","status":"publish","type":"page","link":"https:\/\/www.emz.de\/fr\/cgv\/","title":{"rendered":"CGV"},"content":{"rendered":"<section class=\"l-section wpb_row us_custom_6c38848e height_medium\"><div class=\"l-section-h i-cf\"><div class=\"g-cols vc_row via_grid cols_1 laptops-cols_inherit tablets-cols_inherit mobiles-cols_1 valign_top type_default stacking_default\"><div class=\"wpb_column vc_column_container\"><div class=\"vc_column-inner\"><div class=\"wpb_text_column\"><div class=\"wpb_wrapper\"><p>[vc_custom_heading text=\u00a0\u00bbcon. ZVEI\u00a0\u00bb font_container=\u00a0\u00bbtag:p|text_align:left\u00a0\u00bb use_theme_fonts=\u00a0\u00bbyes\u00a0\u00bb css=\u00a0\u00bb%7B%22default%22%3A%7B%22color%22%3A%22_header_middle_text%22%2C%22font-size%22%3A%2240px%22%2C%22font-family%22%3A%22h2%22%2C%22font-weight%22%3A%22700%22%2C%22text-transform%22%3A%22uppercase%22%7D%7D\u00a0\u00bb][vc_custom_heading source=\u00a0\u00bbpost_title\u00a0\u00bb font_container=\u00a0\u00bbtag:h1|text_align:left\u00a0\u00bb use_theme_fonts=\u00a0\u00bbyes\u00a0\u00bb css=\u00a0\u00bb%7B%22default%22%3A%7B%22margin-top%22%3A%220px%22%2C%22margin-bottom%22%3A%220px%22%2C%22padding-top%22%3A%220px%22%7D%7D\u00a0\u00bb]<\/p>\n<\/div><\/div><\/div><\/div><\/div><\/div><\/section><section class=\"l-section wpb_row us_custom_dbf80e68 height_small\"><div class=\"l-section-h i-cf\"><div class=\"g-cols vc_row via_grid cols_1 laptops-cols_inherit tablets-cols_inherit mobiles-cols_1 valign_top type_default stacking_default\" style=\"--columns-gap:2rem;\"><div class=\"wpb_column vc_column_container\"><div class=\"vc_column-inner\"><div class=\"g-cols wpb_row us_custom_bae01986 via_grid cols_2-1 laptops-cols_inherit tablets-cols_inherit mobiles-cols_1 valign_middle type_default stacking_default\" style=\"--columns-gap:3rem;\"><div class=\"wpb_column vc_column_container\"><div class=\"vc_column-inner\"><div class=\"wpb_text_column\"><div class=\"wpb_wrapper\"><p><strong>Conditions g\u00e9n\u00e9rales de location<\/strong><\/p>\n<\/div><\/div><\/div><\/div><div class=\"wpb_column vc_column_container\"><div class=\"vc_column-inner\"><div class=\"w-btn-wrapper align_right\"><a class=\"w-btn us-btn-style_1\" href=\"https:\/\/www.emz.de\/wp-content\/uploads\/2022\/07\/aagb_miete_emz_0908.pdf\"><span class=\"w-btn-label\">T\u00c9L\u00c9CHARGER<\/span><\/a><\/div><\/div><\/div><\/div><div class=\"g-cols wpb_row us_custom_34a02671 via_grid cols_1 laptops-cols_inherit tablets-cols_inherit mobiles-cols_1 valign_top type_default stacking_default\" style=\"--columns-gap:3rem;\"><div class=\"wpb_column vc_column_container\"><div class=\"vc_column-inner\"><div class=\"w-separator us_custom_8d45c27c size_custom with_line width_default thick_2 style_solid color_secondary align_center\" style=\"height:40px\"><div class=\"w-separator-h\"><\/div><\/div><\/div><\/div><\/div><div class=\"g-cols wpb_row us_custom_cdc9a297 via_grid cols_2-1 laptops-cols_inherit tablets-cols_inherit mobiles-cols_1 valign_middle type_default stacking_default\" style=\"--columns-gap:3rem;\"><div class=\"wpb_column vc_column_container\"><div class=\"vc_column-inner\"><div class=\"wpb_text_column\"><div class=\"wpb_wrapper\"><p><strong>Conditions de livraison ZVEI<\/strong><\/p>\n<\/div><\/div><\/div><\/div><div class=\"wpb_column vc_column_container\"><div class=\"vc_column-inner\"><div class=\"w-btn-wrapper align_right\"><a class=\"w-btn us-btn-style_1\" href=\"https:\/\/www.emz.de\/wp-content\/uploads\/2022\/08\/zvei_agb_deutsch_2018.pdf\"><span class=\"w-btn-label\">T\u00c9L\u00c9CHARGER<\/span><\/a><\/div><\/div><\/div><\/div><div class=\"g-cols wpb_row us_custom_cdc9a297 via_grid cols_1 laptops-cols_inherit tablets-cols_inherit mobiles-cols_1 valign_top type_default stacking_default\" style=\"--columns-gap:3rem;\"><div class=\"wpb_column vc_column_container\"><div class=\"vc_column-inner\"><div class=\"w-separator us_custom_8d45c27c size_custom with_line width_default thick_2 style_solid color_secondary align_center\" style=\"height:40px\"><div class=\"w-separator-h\"><\/div><\/div><\/div><\/div><\/div><div class=\"g-cols wpb_row us_custom_420a635f via_grid cols_2-1 laptops-cols_inherit tablets-cols_inherit mobiles-cols_1 valign_middle type_default stacking_default\" style=\"--columns-gap:3rem;\"><div class=\"wpb_column vc_column_container\"><div class=\"vc_column-inner\"><div class=\"wpb_text_column\"><div class=\"wpb_wrapper\"><p><strong>R\u00e9serve de propri\u00e9t\u00e9 \u00e9tendue<\/strong><\/p>\n<\/div><\/div><\/div><\/div><div class=\"wpb_column vc_column_container\"><div class=\"vc_column-inner\"><div class=\"w-btn-wrapper align_right\"><a class=\"w-btn us-btn-style_1\" href=\"https:\/\/www.emz.de\/wp-content\/uploads\/2022\/08\/ergaenzungsklausel_erweiterter_eigentumsvorbehalt_2018.pdf\"><span class=\"w-btn-label\">T\u00c9L\u00c9CHARGER<\/span><\/a><\/div><\/div><\/div><\/div><\/div><\/div><\/div><\/div><\/section><section class=\"l-section wpb_row us_custom_eac59c77 height_auto\"><div class=\"l-section-h i-cf\"><div class=\"g-cols vc_row via_grid cols_1 laptops-cols_inherit tablets-cols_inherit mobiles-cols_1 valign_top type_default stacking_default\"><div class=\"wpb_column vc_column_container\"><div class=\"vc_column-inner\"><div class=\"wpb_text_column us_custom_bf2881af\"><div class=\"wpb_wrapper\"><h3>Clients professionnels<\/h3>\n<p>Sauf indication contraire de notre part, la commande est bas\u00e9e sur les conditions g\u00e9n\u00e9rales de livraison des produits et services de l&rsquo;industrie \u00e9lectrique (version : janvier 2018) avec clause compl\u00e9mentaire sur la r\u00e9serve de propri\u00e9t\u00e9 et, pour les locations, sur nos conditions g\u00e9n\u00e9rales pour la location de machines. Vous pouvez t\u00e9l\u00e9charger ces conditions g\u00e9n\u00e9rales de vente ici. Les conditions d&rsquo;achat ne s&rsquo;appliquent que dans la mesure o\u00f9 nous les confirmons par \u00e9crit.<br \/><strong>En d\u00e9rogation ou en compl\u00e9ment des conditions susmentionn\u00e9es, la r\u00e8gle suivante s&rsquo;applique dans tous les cas\u2060:<\/strong><\/p>\n<ul>\n<li>Notre responsabilit\u00e9 est g\u00e9n\u00e9ralement limit\u00e9e au montant de la commande.<\/li>\n<li>Nous prenons en charge les frais de r\u00e9paration ou de remplacement, notamment les frais de transport, de d\u00e9placement, de travail et de mat\u00e9riel, jusqu&rsquo;\u00e0 un montant total de 5\u2060% maximum de la valeur de la commande.<\/li>\n<li>En cas de r\u00e9paration, nous n&rsquo;accorderons une garantie que sur les pi\u00e8ces r\u00e9par\u00e9es ou remplac\u00e9es par nous-m\u00eames.<\/li>\n<\/ul>\n<h3>Consommateurs\/particuliers au sens de l&rsquo;article 13 du code civil allemand (BGB)<\/h3>\n<p><em>Le r\u00e8glement suivant n&rsquo;est pas valable pour les clients professionnels ou les entreprises\u2060!<\/em><\/p>\n<p><strong>Droit de r\u00e9vocation<\/strong><br \/>Vous avez le droit de r\u00e9voquer ce contrat dans un d\u00e9lai de quatorze jours sans donner de raisons.<\/p>\n<p>Le d\u00e9lai de r\u00e9vocation est de quatorze jours \u00e0 compter du jour o\u00f9 vous-m\u00eame ou un tiers d\u00e9sign\u00e9 par vous, qui n&rsquo;est pas le transporteur, avez pris possession des marchandises.<\/p>\n<p>Pour exercer votre droit de r\u00e9vocation, vous devrez nous informer, \u00e0 notre adresse :<\/p>\n<p><strong>EMZ Elektromaschinenzentrale GmbH<\/strong><br \/>Richardstra\u00dfe 70<br \/>45661 Recklinghausen<\/p>\n<p><strong>P:<\/strong> +49 23 61 \u2013 69 09 \u2013 0<br \/><strong>F:<\/strong> +49 23 61 \u2013 69 09 \u2013 99<br \/><strong>M:<\/strong><a href=\"mailto:info@emz.de\"> info@emz.de<\/a><\/p>\n<p>de votre d\u00e9cision de r\u00e9voquer le pr\u00e9sent contrat au moyen d&rsquo;une d\u00e9claration sans \u00e9quivoque (par exemple une lettre envoy\u00e9e par la poste, un fax ou un e-mail). Pour ce faire, vous avez la possibilit\u00e9 d&rsquo;utiliser le <a href=\"https:\/\/www.emz.de\/wp-content\/uploads\/2022\/08\/widerrufsformular.pdf\">mod\u00e8le de formulaire de r\u00e9vocation<\/a> ci-joint, qui n&rsquo;est toutefois pas obligatoire. Vous pouvez \u00e9galement remplir et transmettre le <a href=\"https:\/\/www.emz.de\/wp-content\/uploads\/2022\/08\/widerrufsformular.pdf\">mod\u00e8le de formulaire de r\u00e9vocation<\/a> ou toute autre d\u00e9claration sans \u00e9quivoque par voie \u00e9lectronique sur notre site Web <a href=\"http:\/\/www.emz.de\">www.emz.de<\/a>. Si vous faites usage de cette possibilit\u00e9, nous vous enverrons sans d\u00e9lai (par exemple par e-mail) un accus\u00e9 de r\u00e9ception de votre r\u00e9vocation.<\/p>\n<p><strong>Cons\u00e9quences de la r\u00e9vocation<\/strong><br \/>En cas de r\u00e9vocation du pr\u00e9sent contrat, nous vous rembourserons tous les paiements re\u00e7us de votre part, y compris les frais de livraison (\u00e0 l&rsquo;exception des frais suppl\u00e9mentaires d\u00e9coulant du fait que vous avez choisi un mode de livraison autre que le mode de livraison standard le moins cher que nous proposons), sans d\u00e9lai et au plus tard dans les quatorze jours \u00e0 compter de la date \u00e0 laquelle votre d\u00e9cision de r\u00e9voquer le pr\u00e9sent contrat nous est parvenue. Pour effectuer ce remboursement, nous utiliserons le m\u00eame mode de paiement que celui que vous avez utilis\u00e9 pour la transaction initiale, sauf accord contraire explicitement convenu avec vous ; en aucun cas, des frais ne vous seront factur\u00e9s \u00e0 l&rsquo;occasion de ce remboursement. Nous avons le droit de refuser le remboursement jusqu&rsquo;\u00e0 ce que nous ayons r\u00e9cup\u00e9r\u00e9 les marchandises ou jusqu&rsquo;\u00e0 ce que vous ayez fourni la preuve que vous avez renvoy\u00e9 les marchandises, la date la plus proche des deux \u00e9tant retenue.<\/p>\n<p>Vous \u00eates tenu de renvoyer ou de remettre les marchandises \u00e0 EMZ Elektromaschinenzentrale GmbH, Richardstr. 70, 45661 Recklinghausen, sans tarder et, en tout \u00e9tat de cause, au plus tard quatorze jours \u00e0 compter du jour o\u00f9 vous nous informez de la r\u00e9vocation du pr\u00e9sent contrat. Le d\u00e9lai est consid\u00e9r\u00e9 comme respect\u00e9 si vous renvoyez les marchandises avant l&rsquo;expiration du d\u00e9lai de quatorze jours. Les frais directs de renvoi des marchandises sont \u00e0 votre charge. Vous n&rsquo;\u00eates tenu de prendre en charge une \u00e9ventuelle perte de valeur des marchandises que si cette perte de valeur est due \u00e0 une manipulation non n\u00e9cessaire pour v\u00e9rifier la nature, les caract\u00e9ristiques et le bon fonctionnement de ces marchandises.<\/p>\n<p><strong>Exclusion de la r\u00e9vocation<\/strong><br \/>Conform\u00e9ment aux exceptions pr\u00e9vues par l&rsquo;article 312d, paragraphe 4, du code civil allemand (BGB), nous attirons votre attention sur le fait qu&rsquo;il n&rsquo;existe pas de droit de r\u00e9vocation ou de droit de retour pour les marchandises suivantes : il s&rsquo;agit notamment des marchandises fabriqu\u00e9es sur mesure ou clairement sp\u00e9cifiques aux besoins individuels de l&rsquo;acheteur.<\/p>\n<\/div><\/div><div class=\"g-cols wpb_row via_grid cols_1 laptops-cols_inherit tablets-cols_inherit mobiles-cols_1 valign_top type_default stacking_default\" style=\"--columns-gap:3rem;\"><div class=\"wpb_column vc_column_container\"><div class=\"vc_column-inner\"><div class=\"w-separator size_medium with_line width_default thick_3 style_solid color_secondary align_center\"><div class=\"w-separator-h\"><\/div><\/div><\/div><\/div><\/div><\/div><\/div><\/div><\/div><\/section><section class=\"l-section wpb_row us_custom_eac59c77 height_medium\"><div class=\"l-section-h i-cf\"><div class=\"g-cols vc_row via_grid cols_2-1 laptops-cols_inherit tablets-cols_inherit mobiles-cols_1 valign_middle type_default stacking_default\" style=\"--columns-gap:2rem;\"><div class=\"wpb_column vc_column_container\"><div class=\"vc_column-inner\"><div class=\"g-cols wpb_row us_custom_50cc7d67 via_grid cols_1-4 laptops-cols_inherit tablets-cols_inherit mobiles-cols_1 valign_middle type_default stacking_default\" style=\"--columns-gap:0rem;\"><div class=\"wpb_column vc_column_container\"><div class=\"vc_column-inner\"><div class=\"w-iconbox iconpos_left style_default color_secondary align_center no_text no_title\"><div class=\"w-iconbox-icon\" style=\"font-size:100px;\"><i class=\"fal fa-globe\"><\/i><\/div><div class=\"w-iconbox-meta\"><\/div><\/div><\/div><\/div><div class=\"wpb_column vc_column_container\"><div class=\"vc_column-inner\"><div class=\"wpb_text_column\"><div class=\"wpb_wrapper\"><p>[vc_custom_heading text=\u00a0\u00bbPour vous sur place\u00a0\u00bb font_container=\u00a0\u00bbtag:p|text_align:left\u00a0\u00bb css=\u00a0\u00bb%7B%22default%22%3A%7B%22color%22%3A%22_header_middle_text%22%2C%22font-family%22%3A%22h2%22%2C%22font-weight%22%3A%22700%22%2C%22text-transform%22%3A%22uppercase%22%2C%22font-size%22%3A%2235px%22%2C%22margin-bottom%22%3A%220px%22%2C%22padding-bottom%22%3A%220px%22%7D%7D\u00a0\u00bb][vc_custom_heading text=\u00a0\u00bbService mondial\u00a0\u00bb font_container=\u00a0\u00bbtag:p|text_align:left\u00a0\u00bb use_theme_fonts=\u00a0\u00bbyes\u00a0\u00bb css=\u00a0\u00bb%7B%22default%22%3A%7B%22color%22%3A%22_header_middle_text_hover%22%2C%22font-family%22%3A%22h1%22%2C%22font-weight%22%3A%22200%22%2C%22font-size%22%3A%2265px%22%2C%22padding-top%22%3A%220px%22%7D%7D\u00a0\u00bb]<\/p>\n<\/div><\/div><\/div><\/div><\/div><div class=\"wpb_text_column\"><div class=\"wpb_wrapper\"><p>Depuis 1952, la <strong><span class=\"searchHighlight\">EMZ<\/span><\/strong> est \u00e0 la disposition de nos clients dans le monde entier en tant que <strong>partenaire<\/strong> fiable et comp\u00e9tent dans le domaine de la technique d&rsquo;entra\u00eenement. Notre <strong>service<\/strong> ne fait pas exception \u00e0 la r\u00e8gle. Gr\u00e2ce \u00e0 notre num\u00e9ro d&rsquo;urgence <span class=\"searchHighlight\">EMZ<\/span> sp\u00e9cialement mis en place, notre \u00e9quipe <strong>qualifi\u00e9e<\/strong> vous offre une assistance rapide et directe <strong>24 heures sur 24 pour<\/strong> toutes les questions de service.<\/p>\n<\/div><\/div><\/div><\/div><div class=\"wpb_column vc_column_container\"><div class=\"vc_column-overlay\" style=\"background:var(--color-header-middle-bg)\"><\/div><div class=\"vc_column-inner\"><div class=\"w-btn-wrapper align_center\"><a class=\"w-btn us-btn-style_1 us_custom_d2199d32\" href=\"#\"><span class=\"w-btn-label\">portefeuille de services<\/span><\/a><\/div><\/div><\/div><\/div><\/div><\/section>\n","protected":false},"excerpt":{"rendered":"[vc_custom_heading text=\u00a0\u00bbcon. ZVEI\u00a0\u00bb font_container=\u00a0\u00bbtag:p|text_align:left\u00a0\u00bb use_theme_fonts=\u00a0\u00bbyes\u00a0\u00bb css=\u00a0\u00bb%7B%22default%22%3A%7B%22color%22%3A%22_header_middle_text%22%2C%22font-size%22%3A%2240px%22%2C%22font-family%22%3A%22h2%22%2C%22font-weight%22%3A%22700%22%2C%22text-transform%22%3A%22uppercase%22%7D%7D\u00a0\u00bb][vc_custom_heading source=\u00a0\u00bbpost_title\u00a0\u00bb font_container=\u00a0\u00bbtag:h1|text_align:left\u00a0\u00bb use_theme_fonts=\u00a0\u00bbyes\u00a0\u00bb css=\u00a0\u00bb%7B%22default%22%3A%7B%22margin-top%22%3A%220px%22%2C%22margin-bottom%22%3A%220px%22%2C%22padding-top%22%3A%220px%22%7D%7D\u00a0\u00bb] Conditions g\u00e9n\u00e9rales de location T\u00c9L\u00c9CHARGERConditions de livraison ZVEI T\u00c9L\u00c9CHARGERR\u00e9serve de propri\u00e9t\u00e9 \u00e9tendue T\u00c9L\u00c9CHARGERClients professionnels Sauf indication contraire de notre part, la commande est bas\u00e9e sur les conditions g\u00e9n\u00e9rales de livraison des produits et services de l&rsquo;industrie \u00e9lectrique (version : janvier 2018) avec clause compl\u00e9mentaire sur...","protected":false},"author":1,"featured_media":0,"parent":0,"menu_order":0,"comment_status":"closed","ping_status":"closed","template":"","meta":{"footnotes":""},"class_list":["post-5045","page","type-page","status-publish","hentry"],"yoast_head":"<!-- This site is optimized with the Yoast SEO plugin v27.4 - https:\/\/yoast.com\/product\/yoast-seo-wordpress\/ -->\n<title>CGV | EMZ<\/title>\n<meta name=\"robots\" content=\"index, follow, max-snippet:-1, max-image-preview:large, max-video-preview:-1\" \/>\n<link rel=\"canonical\" href=\"https:\/\/www.emz.de\/fr\/cgv\/\" \/>\n<meta property=\"og:locale\" content=\"fr_FR\" \/>\n<meta property=\"og:type\" content=\"article\" \/>\n<meta property=\"og:title\" content=\"CGV | EMZ\" \/>\n<meta property=\"og:url\" content=\"https:\/\/www.emz.de\/fr\/cgv\/\" \/>\n<meta property=\"og:site_name\" content=\"EMZ\" \/>\n<meta property=\"article:publisher\" content=\"https:\/\/www.facebook.com\/EMZdeutschland\" \/>\n<meta property=\"article:modified_time\" content=\"2024-04-16T08:48:07+00:00\" \/>\n<meta property=\"og:image\" content=\"https:\/\/www.emz.de\/wp-content\/uploads\/2022\/11\/EMZ-elektro-Maschinen-Zentrale-social.jpg\" \/>\n\t<meta property=\"og:image:width\" content=\"1200\" \/>\n\t<meta property=\"og:image:height\" content=\"630\" \/>\n\t<meta property=\"og:image:type\" content=\"image\/jpeg\" \/>\n<meta name=\"twitter:card\" content=\"summary_large_image\" \/>\n<script type=\"application\/ld+json\" class=\"yoast-schema-graph\">{\"@context\":\"https:\\\/\\\/schema.org\",\"@graph\":[{\"@type\":\"WebPage\",\"@id\":\"https:\\\/\\\/www.emz.de\\\/fr\\\/cgv\\\/\",\"url\":\"https:\\\/\\\/www.emz.de\\\/fr\\\/cgv\\\/\",\"name\":\"CGV | EMZ\",\"isPartOf\":{\"@id\":\"https:\\\/\\\/www.emz.de\\\/fr\\\/#website\"},\"datePublished\":\"2022-04-29T10:33:51+00:00\",\"dateModified\":\"2024-04-16T08:48:07+00:00\",\"breadcrumb\":{\"@id\":\"https:\\\/\\\/www.emz.de\\\/fr\\\/cgv\\\/#breadcrumb\"},\"inLanguage\":\"fr-FR\",\"potentialAction\":[{\"@type\":\"ReadAction\",\"target\":[\"https:\\\/\\\/www.emz.de\\\/fr\\\/cgv\\\/\"]}]},{\"@type\":\"BreadcrumbList\",\"@id\":\"https:\\\/\\\/www.emz.de\\\/fr\\\/cgv\\\/#breadcrumb\",\"itemListElement\":[{\"@type\":\"ListItem\",\"position\":1,\"name\":\"Home\",\"item\":\"https:\\\/\\\/www.emz.de\\\/fr\\\/\"},{\"@type\":\"ListItem\",\"position\":2,\"name\":\"CGV\"}]},{\"@type\":\"WebSite\",\"@id\":\"https:\\\/\\\/www.emz.de\\\/fr\\\/#website\",\"url\":\"https:\\\/\\\/www.emz.de\\\/fr\\\/\",\"name\":\"EMZ Elektromotoren f\u00fcr Hochspannung und Niederspannung\",\"description\":\"Spezialist f\u00fcr elektrische Antriebstechnik\",\"publisher\":{\"@id\":\"https:\\\/\\\/www.emz.de\\\/fr\\\/#organization\"},\"alternateName\":\"EMZ\",\"potentialAction\":[{\"@type\":\"SearchAction\",\"target\":{\"@type\":\"EntryPoint\",\"urlTemplate\":\"https:\\\/\\\/www.emz.de\\\/fr\\\/?s={search_term_string}\"},\"query-input\":{\"@type\":\"PropertyValueSpecification\",\"valueRequired\":true,\"valueName\":\"search_term_string\"}}],\"inLanguage\":\"fr-FR\"},{\"@type\":\"Organization\",\"@id\":\"https:\\\/\\\/www.emz.de\\\/fr\\\/#organization\",\"name\":\"EMZ Elektro-Maschinen-Zentrale GmbH\",\"alternateName\":\"EMZ\",\"url\":\"https:\\\/\\\/www.emz.de\\\/fr\\\/\",\"logo\":{\"@type\":\"ImageObject\",\"inLanguage\":\"fr-FR\",\"@id\":\"https:\\\/\\\/www.emz.de\\\/fr\\\/#\\\/schema\\\/logo\\\/image\\\/\",\"url\":\"https:\\\/\\\/www.emz.de\\\/wp-content\\\/uploads\\\/2022\\\/07\\\/EMZ_Logo_RGB_mitClaim_Positiv_2-farbig_Hellblau-Dunkelblau.svg\",\"contentUrl\":\"https:\\\/\\\/www.emz.de\\\/wp-content\\\/uploads\\\/2022\\\/07\\\/EMZ_Logo_RGB_mitClaim_Positiv_2-farbig_Hellblau-Dunkelblau.svg\",\"width\":\"1024\",\"height\":\"1024\",\"caption\":\"EMZ Elektro-Maschinen-Zentrale GmbH\"},\"image\":{\"@id\":\"https:\\\/\\\/www.emz.de\\\/fr\\\/#\\\/schema\\\/logo\\\/image\\\/\"},\"sameAs\":[\"https:\\\/\\\/www.facebook.com\\\/EMZdeutschland\",\"https:\\\/\\\/www.linkedin.com\\\/company\\\/emz-elektro-maschinen-zentrale-gmbh\\\/?originalSubdomain=de\",\"https:\\\/\\\/www.youtube.com\\\/channel\\\/UCajQ_5Xm-hS2H16Liwf5UAQ\\\/featured\",\"https:\\\/\\\/www.xing.com\\\/pages\\\/emz-elektro-maschinen-zentrale-gmbh\"]}]}<\/script>\n<!-- \/ Yoast SEO plugin. -->","yoast_head_json":{"title":"CGV | EMZ","robots":{"index":"index","follow":"follow","max-snippet":"max-snippet:-1","max-image-preview":"max-image-preview:large","max-video-preview":"max-video-preview:-1"},"canonical":"https:\/\/www.emz.de\/fr\/cgv\/","og_locale":"fr_FR","og_type":"article","og_title":"CGV | EMZ","og_url":"https:\/\/www.emz.de\/fr\/cgv\/","og_site_name":"EMZ","article_publisher":"https:\/\/www.facebook.com\/EMZdeutschland","article_modified_time":"2024-04-16T08:48:07+00:00","og_image":[{"width":1200,"height":630,"url":"https:\/\/www.emz.de\/wp-content\/uploads\/2022\/11\/EMZ-elektro-Maschinen-Zentrale-social.jpg","type":"image\/jpeg"}],"twitter_card":"summary_large_image","schema":{"@context":"https:\/\/schema.org","@graph":[{"@type":"WebPage","@id":"https:\/\/www.emz.de\/fr\/cgv\/","url":"https:\/\/www.emz.de\/fr\/cgv\/","name":"CGV | EMZ","isPartOf":{"@id":"https:\/\/www.emz.de\/fr\/#website"},"datePublished":"2022-04-29T10:33:51+00:00","dateModified":"2024-04-16T08:48:07+00:00","breadcrumb":{"@id":"https:\/\/www.emz.de\/fr\/cgv\/#breadcrumb"},"inLanguage":"fr-FR","potentialAction":[{"@type":"ReadAction","target":["https:\/\/www.emz.de\/fr\/cgv\/"]}]},{"@type":"BreadcrumbList","@id":"https:\/\/www.emz.de\/fr\/cgv\/#breadcrumb","itemListElement":[{"@type":"ListItem","position":1,"name":"Home","item":"https:\/\/www.emz.de\/fr\/"},{"@type":"ListItem","position":2,"name":"CGV"}]},{"@type":"WebSite","@id":"https:\/\/www.emz.de\/fr\/#website","url":"https:\/\/www.emz.de\/fr\/","name":"EMZ Elektromotoren f\u00fcr Hochspannung und Niederspannung","description":"Spezialist f\u00fcr elektrische Antriebstechnik","publisher":{"@id":"https:\/\/www.emz.de\/fr\/#organization"},"alternateName":"EMZ","potentialAction":[{"@type":"SearchAction","target":{"@type":"EntryPoint","urlTemplate":"https:\/\/www.emz.de\/fr\/?s={search_term_string}"},"query-input":{"@type":"PropertyValueSpecification","valueRequired":true,"valueName":"search_term_string"}}],"inLanguage":"fr-FR"},{"@type":"Organization","@id":"https:\/\/www.emz.de\/fr\/#organization","name":"EMZ Elektro-Maschinen-Zentrale GmbH","alternateName":"EMZ","url":"https:\/\/www.emz.de\/fr\/","logo":{"@type":"ImageObject","inLanguage":"fr-FR","@id":"https:\/\/www.emz.de\/fr\/#\/schema\/logo\/image\/","url":"https:\/\/www.emz.de\/wp-content\/uploads\/2022\/07\/EMZ_Logo_RGB_mitClaim_Positiv_2-farbig_Hellblau-Dunkelblau.svg","contentUrl":"https:\/\/www.emz.de\/wp-content\/uploads\/2022\/07\/EMZ_Logo_RGB_mitClaim_Positiv_2-farbig_Hellblau-Dunkelblau.svg","width":"1024","height":"1024","caption":"EMZ Elektro-Maschinen-Zentrale GmbH"},"image":{"@id":"https:\/\/www.emz.de\/fr\/#\/schema\/logo\/image\/"},"sameAs":["https:\/\/www.facebook.com\/EMZdeutschland","https:\/\/www.linkedin.com\/company\/emz-elektro-maschinen-zentrale-gmbh\/?originalSubdomain=de","https:\/\/www.youtube.com\/channel\/UCajQ_5Xm-hS2H16Liwf5UAQ\/featured","https:\/\/www.xing.com\/pages\/emz-elektro-maschinen-zentrale-gmbh"]}]}},"_links":{"self":[{"href":"https:\/\/www.emz.de\/fr\/wp-json\/wp\/v2\/pages\/5045","targetHints":{"allow":["GET"]}}],"collection":[{"href":"https:\/\/www.emz.de\/fr\/wp-json\/wp\/v2\/pages"}],"about":[{"href":"https:\/\/www.emz.de\/fr\/wp-json\/wp\/v2\/types\/page"}],"author":[{"embeddable":true,"href":"https:\/\/www.emz.de\/fr\/wp-json\/wp\/v2\/users\/1"}],"replies":[{"embeddable":true,"href":"https:\/\/www.emz.de\/fr\/wp-json\/wp\/v2\/comments?post=5045"}],"version-history":[{"count":4,"href":"https:\/\/www.emz.de\/fr\/wp-json\/wp\/v2\/pages\/5045\/revisions"}],"predecessor-version":[{"id":8123,"href":"https:\/\/www.emz.de\/fr\/wp-json\/wp\/v2\/pages\/5045\/revisions\/8123"}],"wp:attachment":[{"href":"https:\/\/www.emz.de\/fr\/wp-json\/wp\/v2\/media?parent=5045"}],"curies":[{"name":"wp","href":"https:\/\/api.w.org\/{rel}","templated":true}]}}