{"id":8657,"date":"2024-04-19T15:45:07","date_gmt":"2024-04-19T13:45:07","guid":{"rendered":"https:\/\/www.emz.de\/?page_id=8657"},"modified":"2024-12-13T14:00:11","modified_gmt":"2024-12-13T13:00:11","slug":"tools","status":"publish","type":"page","link":"https:\/\/www.emz.de\/fr\/tools\/","title":{"rendered":"Tools"},"content":{"rendered":"<section class=\"l-section wpb_row height_medium\"><div class=\"l-section-h i-cf\"><div class=\"g-cols vc_row via_grid cols_1 laptops-cols_inherit tablets-cols_inherit mobiles-cols_1 valign_top type_default stacking_default\"><div class=\"wpb_column vc_column_container\"><div class=\"vc_column-inner\"><div class=\"w-separator size_medium\"><\/div><\/div><\/div><\/div><\/div><\/section><section class=\"l-section wpb_row us_custom_73b8b437 height_medium\"><div class=\"l-section-h i-cf\"><div class=\"g-cols vc_row via_grid cols_1-2 laptops-cols_inherit tablets-cols_inherit mobiles-cols_1 valign_top type_default stacking_default\"><div class=\"wpb_column vc_column_container\"><div class=\"vc_column-inner\"><div class=\"wpb_text_column\"><div class=\"wpb_wrapper\"><p>[vc_custom_heading text=\u00a0\u00bbEconomisez l\u2019\u00e9nergie\u00a0\u00bb font_container=\u00a0\u00bbtag:h1|text_align:left\u00a0\u00bb use_theme_fonts=\u00a0\u00bbyes\u00a0\u00bb css=\u00a0\u00bb%7B%22default%22%3A%7B%22margin-top%22%3A%220px%22%2C%22padding-top%22%3A%220px%22%7D%7D\u00a0\u00bb]<\/p>\n<\/div><\/div><div class=\"w-image us_custom_d8c57f23 align_none\"><div class=\"w-image-h\"><img decoding=\"async\" width=\"1024\" height=\"1024\" src=\"https:\/\/www.emz.de\/wp-content\/uploads\/2024\/04\/EMS_Logo.svg\" class=\"attachment-large size-large\" alt=\"\" loading=\"lazy\" \/><\/div><\/div><\/div><\/div><div class=\"wpb_column vc_column_container us_custom_4edece6e\"><div class=\"vc_column-inner\"><div class=\"wpb_text_column\"><div class=\"wpb_wrapper\"><p>Les co\u00fbts \u00e9nerg\u00e9tiques repr\u00e9sentent la plus grande partie des co\u00fbts d&rsquo;un syst\u00e8me d&rsquo;entra\u00eenement. Un moteur plus efficace se rembourse souvent en quelques ann\u00e9es seulement, et un syst\u00e8me d&rsquo;entra\u00eenement r\u00e9gul\u00e9 peut souvent se rembourser en quelques mois seulement.<\/p>\n<p>D\u00e9couvrez avec notre outil EMSmart le potentiel d&rsquo;\u00e9conomies de votre syst\u00e8me d&rsquo;entra\u00eenement ! Calculez en temps r\u00e9el les \u00e9conomies de co\u00fbts \u00e9nerg\u00e9tiques gr\u00e2ce \u00e0 l\u2019utilisation de moteurs plus efficaces ou de variateurs de fr\u00e9quence dans des applications de pompage ou de ventilation. Optimisez d\u00e8s maintenant votre syst\u00e8me pour une efficacit\u00e9 maximale et des \u00e9conomies importantes !<\/p>\n<\/div><\/div><\/div><\/div><\/div><\/div><\/section><section class=\"l-section wpb_row us_custom_27257c6d height_small\"><div class=\"l-section-h i-cf\"><div class=\"g-cols vc_row via_grid cols_3 laptops-cols_inherit tablets-cols_inherit mobiles-cols_1 valign_top type_default stacking_default\"><div class=\"wpb_column vc_column_container us_custom_6e62cf6e us_animate_this has-link\"><div class=\"vc_column-inner\"><div class=\"wpb_text_column\"><div class=\"wpb_wrapper\"><p style=\"text-align: center;\"><strong>Moteurs<\/strong><\/p>\n<\/div><\/div><div class=\"w-image us_custom_8fba2dd2 align_none\"><div class=\"w-image-h\"><img decoding=\"async\" width=\"1024\" height=\"1024\" src=\"https:\/\/www.emz.de\/wp-content\/uploads\/2024\/04\/motor_front.svg\" class=\"attachment-large size-large\" alt=\"\" loading=\"lazy\" \/><\/div><\/div><\/div><a href=\"https:\/\/www.emz.de\/fr\/tools\/ems_motor\" class=\"vc_column-link smooth-scroll\" aria-label=\"Lien\"><\/a><\/div><div class=\"wpb_column vc_column_container us_custom_6e62cf6e us_animate_this has-link\"><div class=\"vc_column-inner\"><div class=\"wpb_text_column\"><div class=\"wpb_wrapper\"><p style=\"text-align: center;\"><strong>Entra\u00eenements de pompe<\/strong><\/p>\n<\/div><\/div><div class=\"w-image us_custom_b8d95131 align_none\"><div class=\"w-image-h\"><img decoding=\"async\" width=\"1024\" height=\"1024\" src=\"https:\/\/www.emz.de\/wp-content\/uploads\/2024\/04\/motor_pump-2.svg\" class=\"attachment-large size-large\" alt=\"\" loading=\"lazy\" \/><\/div><\/div><\/div><a href=\"https:\/\/www.emz.de\/fr\/tools\/ems_pump\/\" class=\"vc_column-link smooth-scroll\" aria-label=\"Lien\"><\/a><\/div><div class=\"wpb_column vc_column_container us_custom_6e62cf6e us_animate_this has-link\"><div class=\"vc_column-inner\"><div class=\"wpb_text_column\"><div class=\"wpb_wrapper\"><p style=\"text-align: center;\"><strong>Entra\u00eenements de ventilateur<\/strong><\/p>\n<\/div><\/div><div class=\"w-image us_custom_2f269cf9 align_none\"><div class=\"w-image-h\"><img decoding=\"async\" width=\"1024\" height=\"1024\" src=\"https:\/\/www.emz.de\/wp-content\/uploads\/2024\/04\/motor_fan-1.svg\" class=\"attachment-large size-large\" alt=\"\" loading=\"lazy\" \/><\/div><\/div><\/div><a href=\"https:\/\/www.emz.de\/fr\/tools\/ems_fan\/\" class=\"vc_column-link smooth-scroll\" aria-label=\"Lien\"><\/a><\/div><\/div><\/div><\/section><section class=\"l-section wpb_row us_custom_ac43de51 height_medium width_full\"><div class=\"l-section-h i-cf\"><div class=\"g-cols vc_row via_grid cols_1 laptops-cols_inherit tablets-cols_inherit mobiles-cols_1 valign_bottom type_default stacking_default\"><div class=\"wpb_column vc_column_container\"><div class=\"vc_column-inner\"><div class=\"w-separator us_custom_aaea4b66 size_huge\"><\/div><\/div><\/div><\/div><\/div><\/section>\n","protected":false},"excerpt":{"rendered":"[vc_custom_heading text=\u00a0\u00bbEconomisez l\u2019\u00e9nergie\u00a0\u00bb font_container=\u00a0\u00bbtag:h1|text_align:left\u00a0\u00bb use_theme_fonts=\u00a0\u00bbyes\u00a0\u00bb css=\u00a0\u00bb%7B%22default%22%3A%7B%22margin-top%22%3A%220px%22%2C%22padding-top%22%3A%220px%22%7D%7D\u00a0\u00bb] Les co\u00fbts \u00e9nerg\u00e9tiques repr\u00e9sentent la plus grande partie des co\u00fbts d&rsquo;un syst\u00e8me d&rsquo;entra\u00eenement. Un moteur plus efficace se rembourse souvent en quelques ann\u00e9es seulement, et un syst\u00e8me d&rsquo;entra\u00eenement r\u00e9gul\u00e9 peut souvent se rembourser en quelques mois seulement. D\u00e9couvrez avec notre outil EMSmart le potentiel d&rsquo;\u00e9conomies de votre syst\u00e8me d&rsquo;entra\u00eenement...","protected":false},"author":19,"featured_media":3815,"parent":0,"menu_order":0,"comment_status":"closed","ping_status":"closed","template":"","meta":{"footnotes":""},"class_list":["post-8657","page","type-page","status-publish","has-post-thumbnail","hentry"],"yoast_head":"<!-- This site is optimized with the Yoast SEO plugin v27.4 - https:\/\/yoast.com\/product\/yoast-seo-wordpress\/ -->\n<title>Tools | EMZ<\/title>\n<meta name=\"robots\" content=\"index, follow, max-snippet:-1, max-image-preview:large, max-video-preview:-1\" \/>\n<link rel=\"canonical\" href=\"https:\/\/www.emz.de\/fr\/tools\/\" \/>\n<meta property=\"og:locale\" content=\"fr_FR\" \/>\n<meta property=\"og:type\" content=\"article\" \/>\n<meta property=\"og:title\" content=\"Tools | EMZ\" \/>\n<meta property=\"og:url\" content=\"https:\/\/www.emz.de\/fr\/tools\/\" \/>\n<meta property=\"og:site_name\" content=\"EMZ\" \/>\n<meta property=\"article:publisher\" content=\"https:\/\/www.facebook.com\/EMZdeutschland\" \/>\n<meta property=\"article:modified_time\" content=\"2024-12-13T13:00:11+00:00\" \/>\n<meta property=\"og:image\" content=\"https:\/\/www.emz.de\/wp-content\/uploads\/2022\/07\/EMZ-Elektromaschinenzentrale_0005_EMZ-Elektromotoren-Recklinghausen-1111850.jpg\" \/>\n\t<meta property=\"og:image:width\" content=\"1940\" \/>\n\t<meta property=\"og:image:height\" content=\"960\" \/>\n\t<meta property=\"og:image:type\" content=\"image\/jpeg\" \/>\n<meta name=\"twitter:card\" content=\"summary_large_image\" \/>\n<script type=\"application\/ld+json\" class=\"yoast-schema-graph\">{\"@context\":\"https:\\\/\\\/schema.org\",\"@graph\":[{\"@type\":\"WebPage\",\"@id\":\"https:\\\/\\\/www.emz.de\\\/fr\\\/tools\\\/\",\"url\":\"https:\\\/\\\/www.emz.de\\\/fr\\\/tools\\\/\",\"name\":\"Tools | EMZ\",\"isPartOf\":{\"@id\":\"https:\\\/\\\/www.emz.de\\\/fr\\\/#website\"},\"primaryImageOfPage\":{\"@id\":\"https:\\\/\\\/www.emz.de\\\/fr\\\/tools\\\/#primaryimage\"},\"image\":{\"@id\":\"https:\\\/\\\/www.emz.de\\\/fr\\\/tools\\\/#primaryimage\"},\"thumbnailUrl\":\"https:\\\/\\\/www.emz.de\\\/wp-content\\\/uploads\\\/2022\\\/07\\\/EMZ-Elektromaschinenzentrale_0005_EMZ-Elektromotoren-Recklinghausen-1111850.jpg\",\"datePublished\":\"2024-04-19T13:45:07+00:00\",\"dateModified\":\"2024-12-13T13:00:11+00:00\",\"breadcrumb\":{\"@id\":\"https:\\\/\\\/www.emz.de\\\/fr\\\/tools\\\/#breadcrumb\"},\"inLanguage\":\"fr-FR\",\"potentialAction\":[{\"@type\":\"ReadAction\",\"target\":[\"https:\\\/\\\/www.emz.de\\\/fr\\\/tools\\\/\"]}]},{\"@type\":\"ImageObject\",\"inLanguage\":\"fr-FR\",\"@id\":\"https:\\\/\\\/www.emz.de\\\/fr\\\/tools\\\/#primaryimage\",\"url\":\"https:\\\/\\\/www.emz.de\\\/wp-content\\\/uploads\\\/2022\\\/07\\\/EMZ-Elektromaschinenzentrale_0005_EMZ-Elektromotoren-Recklinghausen-1111850.jpg\",\"contentUrl\":\"https:\\\/\\\/www.emz.de\\\/wp-content\\\/uploads\\\/2022\\\/07\\\/EMZ-Elektromaschinenzentrale_0005_EMZ-Elektromotoren-Recklinghausen-1111850.jpg\",\"width\":1940,\"height\":960},{\"@type\":\"BreadcrumbList\",\"@id\":\"https:\\\/\\\/www.emz.de\\\/fr\\\/tools\\\/#breadcrumb\",\"itemListElement\":[{\"@type\":\"ListItem\",\"position\":1,\"name\":\"Home\",\"item\":\"https:\\\/\\\/www.emz.de\\\/fr\\\/\"},{\"@type\":\"ListItem\",\"position\":2,\"name\":\"Tools\"}]},{\"@type\":\"WebSite\",\"@id\":\"https:\\\/\\\/www.emz.de\\\/fr\\\/#website\",\"url\":\"https:\\\/\\\/www.emz.de\\\/fr\\\/\",\"name\":\"EMZ Elektromotoren f\u00fcr Hochspannung und Niederspannung\",\"description\":\"Spezialist f\u00fcr elektrische Antriebstechnik\",\"publisher\":{\"@id\":\"https:\\\/\\\/www.emz.de\\\/fr\\\/#organization\"},\"alternateName\":\"EMZ\",\"potentialAction\":[{\"@type\":\"SearchAction\",\"target\":{\"@type\":\"EntryPoint\",\"urlTemplate\":\"https:\\\/\\\/www.emz.de\\\/fr\\\/?s={search_term_string}\"},\"query-input\":{\"@type\":\"PropertyValueSpecification\",\"valueRequired\":true,\"valueName\":\"search_term_string\"}}],\"inLanguage\":\"fr-FR\"},{\"@type\":\"Organization\",\"@id\":\"https:\\\/\\\/www.emz.de\\\/fr\\\/#organization\",\"name\":\"EMZ Elektro-Maschinen-Zentrale GmbH\",\"alternateName\":\"EMZ\",\"url\":\"https:\\\/\\\/www.emz.de\\\/fr\\\/\",\"logo\":{\"@type\":\"ImageObject\",\"inLanguage\":\"fr-FR\",\"@id\":\"https:\\\/\\\/www.emz.de\\\/fr\\\/#\\\/schema\\\/logo\\\/image\\\/\",\"url\":\"https:\\\/\\\/www.emz.de\\\/wp-content\\\/uploads\\\/2022\\\/07\\\/EMZ_Logo_RGB_mitClaim_Positiv_2-farbig_Hellblau-Dunkelblau.svg\",\"contentUrl\":\"https:\\\/\\\/www.emz.de\\\/wp-content\\\/uploads\\\/2022\\\/07\\\/EMZ_Logo_RGB_mitClaim_Positiv_2-farbig_Hellblau-Dunkelblau.svg\",\"width\":\"1024\",\"height\":\"1024\",\"caption\":\"EMZ Elektro-Maschinen-Zentrale GmbH\"},\"image\":{\"@id\":\"https:\\\/\\\/www.emz.de\\\/fr\\\/#\\\/schema\\\/logo\\\/image\\\/\"},\"sameAs\":[\"https:\\\/\\\/www.facebook.com\\\/EMZdeutschland\",\"https:\\\/\\\/www.linkedin.com\\\/company\\\/emz-elektro-maschinen-zentrale-gmbh\\\/?originalSubdomain=de\",\"https:\\\/\\\/www.youtube.com\\\/channel\\\/UCajQ_5Xm-hS2H16Liwf5UAQ\\\/featured\",\"https:\\\/\\\/www.xing.com\\\/pages\\\/emz-elektro-maschinen-zentrale-gmbh\"]}]}<\/script>\n<!-- \/ Yoast SEO plugin. -->","yoast_head_json":{"title":"Tools | EMZ","robots":{"index":"index","follow":"follow","max-snippet":"max-snippet:-1","max-image-preview":"max-image-preview:large","max-video-preview":"max-video-preview:-1"},"canonical":"https:\/\/www.emz.de\/fr\/tools\/","og_locale":"fr_FR","og_type":"article","og_title":"Tools | EMZ","og_url":"https:\/\/www.emz.de\/fr\/tools\/","og_site_name":"EMZ","article_publisher":"https:\/\/www.facebook.com\/EMZdeutschland","article_modified_time":"2024-12-13T13:00:11+00:00","og_image":[{"width":1940,"height":960,"url":"https:\/\/www.emz.de\/wp-content\/uploads\/2022\/07\/EMZ-Elektromaschinenzentrale_0005_EMZ-Elektromotoren-Recklinghausen-1111850.jpg","type":"image\/jpeg"}],"twitter_card":"summary_large_image","schema":{"@context":"https:\/\/schema.org","@graph":[{"@type":"WebPage","@id":"https:\/\/www.emz.de\/fr\/tools\/","url":"https:\/\/www.emz.de\/fr\/tools\/","name":"Tools | EMZ","isPartOf":{"@id":"https:\/\/www.emz.de\/fr\/#website"},"primaryImageOfPage":{"@id":"https:\/\/www.emz.de\/fr\/tools\/#primaryimage"},"image":{"@id":"https:\/\/www.emz.de\/fr\/tools\/#primaryimage"},"thumbnailUrl":"https:\/\/www.emz.de\/wp-content\/uploads\/2022\/07\/EMZ-Elektromaschinenzentrale_0005_EMZ-Elektromotoren-Recklinghausen-1111850.jpg","datePublished":"2024-04-19T13:45:07+00:00","dateModified":"2024-12-13T13:00:11+00:00","breadcrumb":{"@id":"https:\/\/www.emz.de\/fr\/tools\/#breadcrumb"},"inLanguage":"fr-FR","potentialAction":[{"@type":"ReadAction","target":["https:\/\/www.emz.de\/fr\/tools\/"]}]},{"@type":"ImageObject","inLanguage":"fr-FR","@id":"https:\/\/www.emz.de\/fr\/tools\/#primaryimage","url":"https:\/\/www.emz.de\/wp-content\/uploads\/2022\/07\/EMZ-Elektromaschinenzentrale_0005_EMZ-Elektromotoren-Recklinghausen-1111850.jpg","contentUrl":"https:\/\/www.emz.de\/wp-content\/uploads\/2022\/07\/EMZ-Elektromaschinenzentrale_0005_EMZ-Elektromotoren-Recklinghausen-1111850.jpg","width":1940,"height":960},{"@type":"BreadcrumbList","@id":"https:\/\/www.emz.de\/fr\/tools\/#breadcrumb","itemListElement":[{"@type":"ListItem","position":1,"name":"Home","item":"https:\/\/www.emz.de\/fr\/"},{"@type":"ListItem","position":2,"name":"Tools"}]},{"@type":"WebSite","@id":"https:\/\/www.emz.de\/fr\/#website","url":"https:\/\/www.emz.de\/fr\/","name":"EMZ Elektromotoren f\u00fcr Hochspannung und Niederspannung","description":"Spezialist f\u00fcr elektrische Antriebstechnik","publisher":{"@id":"https:\/\/www.emz.de\/fr\/#organization"},"alternateName":"EMZ","potentialAction":[{"@type":"SearchAction","target":{"@type":"EntryPoint","urlTemplate":"https:\/\/www.emz.de\/fr\/?s={search_term_string}"},"query-input":{"@type":"PropertyValueSpecification","valueRequired":true,"valueName":"search_term_string"}}],"inLanguage":"fr-FR"},{"@type":"Organization","@id":"https:\/\/www.emz.de\/fr\/#organization","name":"EMZ Elektro-Maschinen-Zentrale GmbH","alternateName":"EMZ","url":"https:\/\/www.emz.de\/fr\/","logo":{"@type":"ImageObject","inLanguage":"fr-FR","@id":"https:\/\/www.emz.de\/fr\/#\/schema\/logo\/image\/","url":"https:\/\/www.emz.de\/wp-content\/uploads\/2022\/07\/EMZ_Logo_RGB_mitClaim_Positiv_2-farbig_Hellblau-Dunkelblau.svg","contentUrl":"https:\/\/www.emz.de\/wp-content\/uploads\/2022\/07\/EMZ_Logo_RGB_mitClaim_Positiv_2-farbig_Hellblau-Dunkelblau.svg","width":"1024","height":"1024","caption":"EMZ Elektro-Maschinen-Zentrale GmbH"},"image":{"@id":"https:\/\/www.emz.de\/fr\/#\/schema\/logo\/image\/"},"sameAs":["https:\/\/www.facebook.com\/EMZdeutschland","https:\/\/www.linkedin.com\/company\/emz-elektro-maschinen-zentrale-gmbh\/?originalSubdomain=de","https:\/\/www.youtube.com\/channel\/UCajQ_5Xm-hS2H16Liwf5UAQ\/featured","https:\/\/www.xing.com\/pages\/emz-elektro-maschinen-zentrale-gmbh"]}]}},"_links":{"self":[{"href":"https:\/\/www.emz.de\/fr\/wp-json\/wp\/v2\/pages\/8657","targetHints":{"allow":["GET"]}}],"collection":[{"href":"https:\/\/www.emz.de\/fr\/wp-json\/wp\/v2\/pages"}],"about":[{"href":"https:\/\/www.emz.de\/fr\/wp-json\/wp\/v2\/types\/page"}],"author":[{"embeddable":true,"href":"https:\/\/www.emz.de\/fr\/wp-json\/wp\/v2\/users\/19"}],"replies":[{"embeddable":true,"href":"https:\/\/www.emz.de\/fr\/wp-json\/wp\/v2\/comments?post=8657"}],"version-history":[{"count":9,"href":"https:\/\/www.emz.de\/fr\/wp-json\/wp\/v2\/pages\/8657\/revisions"}],"predecessor-version":[{"id":8677,"href":"https:\/\/www.emz.de\/fr\/wp-json\/wp\/v2\/pages\/8657\/revisions\/8677"}],"wp:featuredmedia":[{"embeddable":true,"href":"https:\/\/www.emz.de\/fr\/wp-json\/wp\/v2\/media\/3815"}],"wp:attachment":[{"href":"https:\/\/www.emz.de\/fr\/wp-json\/wp\/v2\/media?parent=8657"}],"curies":[{"name":"wp","href":"https:\/\/api.w.org\/{rel}","templated":true}]}}